{"id":60,"date":"2016-10-06T09:03:54","date_gmt":"2016-10-06T09:03:54","guid":{"rendered":"http:\/\/hamppu.net\/portal\/?page_id=60"},"modified":"2016-11-29T12:10:53","modified_gmt":"2016-11-29T10:10:53","slug":"irc-keskustelu","status":"publish","type":"page","link":"https:\/\/hamppu.net\/portal\/irc-keskustelu\/","title":{"rendered":"IRC-keskustelu"},"content":{"rendered":"<p><iframe width=\"100%\" height=\"420\" scrolling=\"no\" frameborder=\"0\" src=\"https:\/\/widget.mibbit.com\/?server=irc.synirc.com&channel=%23hamppuforum&nick=Anonyymi%3F%3F%3F&showMotd=false\"><\/iframe><\/p>\n<p><a target=\"_blank\" href=\"https:\/\/widget.mibbit.com\/?server=irc.synirc.com&channel=%23hamppuforum&nick=Anonyymi%3F%3F%3F&showMotd=false\">Avaa keskustelukanava #hamppuforum uuteen ikkunaan.<\/a><\/p>\n<p>Jos osa \u00e4\u00e4kk\u00f6sist\u00e4 n\u00e4kyy keskustelussa t&#xfffd;ll&#xfffd; tavalla, kirjoita <kbd>\/rcharset AUTO<\/kbd> (ja per\u00e4\u00e4n enter).<\/p>\n","protected":false},"excerpt":{"rendered":"<p>Jos osa \u00e4\u00e4kk\u00f6sist\u00e4 n\u00e4kyy keskustelussa t&#xfffd;ll&#xfffd; tavalla, kirjoita \/rcharset AUTO (ja per\u00e4\u00e4n enter).<\/p>\n","protected":false},"author":420024,"featured_media":0,"parent":0,"menu_order":0,"comment_status":"closed","ping_status":"closed","template":"","meta":{"_mi_skip_tracking":false},"_links":{"self":[{"href":"https:\/\/hamppu.net\/portal\/wp-json\/wp\/v2\/pages\/60"}],"collection":[{"href":"https:\/\/hamppu.net\/portal\/wp-json\/wp\/v2\/pages"}],"about":[{"href":"https:\/\/hamppu.net\/portal\/wp-json\/wp\/v2\/types\/page"}],"author":[{"embeddable":true,"href":"https:\/\/hamppu.net\/portal\/wp-json\/wp\/v2\/users\/420024"}],"replies":[{"embeddable":true,"href":"https:\/\/hamppu.net\/portal\/wp-json\/wp\/v2\/comments?post=60"}],"version-history":[{"count":3,"href":"https:\/\/hamppu.net\/portal\/wp-json\/wp\/v2\/pages\/60\/revisions"}],"predecessor-version":[{"id":585,"href":"https:\/\/hamppu.net\/portal\/wp-json\/wp\/v2\/pages\/60\/revisions\/585"}],"wp:attachment":[{"href":"https:\/\/hamppu.net\/portal\/wp-json\/wp\/v2\/media?parent=60"}],"curies":[{"name":"wp","href":"https:\/\/api.w.org\/{rel}","templated":true}]}}