{"id":45,"date":"2016-10-06T08:54:57","date_gmt":"2016-10-06T08:54:57","guid":{"rendered":"http:\/\/hamppu.net\/portal\/?page_id=45"},"modified":"2017-01-25T12:29:29","modified_gmt":"2017-01-25T10:29:29","slug":"kannabisuutiset","status":"publish","type":"page","link":"https:\/\/hamppu.net\/portal\/kannabisuutiset\/","title":{"rendered":"Kannabisuutiset"},"content":{"rendered":"<div class=\"watermark\"><div class=\"feedzy-dc4cc5b16864fc543bd3cbd766e502b4 feedzy-rss\"><ul><li  style=\"padding: 10px 0 17px\" class=\"rss_item\"><div class=\"rss_image\" style=\"width:133.33333333333px; height:100px;\"><a href=\"https:\/\/kannabisuutiset.wordpress.com\/2015\/03\/31\/jack-herer-keisarilla-ei-ole-vaatteita-saatavilla-kirjakaupoista\/\" target=\"_blank\" rel=\" noopener\" title=\"Jack Herer: Keisarilla ei ole vaatteita! \u2013 saatavilla kirjakaupoista\" style=\"width:133.33333333333px; height:100px;\"><span class=\"default\" style=\"background-image:url(\/images\/rss_default43.png);\" title=\"Jack Herer: Keisarilla ei ole vaatteita! \u2013 saatavilla kirjakaupoista\"><\/span><amp-img width=\"133.33333333333\" height=\"100\" src=\"\/images\/rss_default43.png\"><\/a><\/div><span class=\"title\"><a href=\"https:\/\/kannabisuutiset.wordpress.com\/2015\/03\/31\/jack-herer-keisarilla-ei-ole-vaatteita-saatavilla-kirjakaupoista\/\" target=\"_blank\" rel=\" noopener\">Jack Herer: Keisarilla ei ole vaatteita! \u2013 saatavilla kirjakaupoista<\/a><\/span><div class=\"rss_content\" style=\"\"><small><span class=\"entry-meta entry-date\"><a style=\"text-decoration:none\" href=\"\/\/kannabisuutiset.wordpress.com\">31.3.2015 &nbsp;12:02 &nbsp; Kannabisuutiset<\/a><\/span><\/small><p>Keisarilla ei ole vaatteita! (engl. The Emperor Wears No Clothes) on kannabisaktivisti Jack Hererin (1939\u20132010) kirjoittama kuuluisa kannabiksen laillistamiseen pyrkiv\u00e4 teos, joka k\u00e4sittelee mm. hampun historiaa sek\u00e4 siihen liittyvi\u00e4 poliittisia mielipiteit\u00e4 ja salaliittoja. Kirjan suomennettu versio on nyt saatavilla my\u00f6s painettuna versiona. Lue lis\u00e4\u00e4, ja katso kuvat t\u00e4\u00e4lt\u00e4: [&hellip;]...<\/p><\/div><\/li><li  style=\"padding: 10px 0 17px\" class=\"rss_item\"><div class=\"rss_image\" style=\"width:133.33333333333px; height:100px;\"><a href=\"https:\/\/kannabisuutiset.wordpress.com\/2014\/07\/01\/vaporisaattorivertailu-ii-taskuhoyrystimet\/\" target=\"_blank\" rel=\" noopener\" title=\"Vaporisaattorivertailu II \u2013 taskuh\u00f6yrystimet\" style=\"width:133.33333333333px; height:100px;\"><span class=\"fetched\" style=\"background-image:  url('https:\/\/kannabisuutiset.wordpress.com\/wp-content\/uploads\/2014\/07\/puffit.png?w=305');\" title=\"Vaporisaattorivertailu II \u2013 taskuh\u00f6yrystimet\"><\/span><amp-img width=\"133.33333333333\" height=\"100\" src=\"https:\/\/kannabisuutiset.wordpress.com\/wp-content\/uploads\/2014\/07\/puffit.png?w=305\"><\/a><\/div><span class=\"title\"><a href=\"https:\/\/kannabisuutiset.wordpress.com\/2014\/07\/01\/vaporisaattorivertailu-ii-taskuhoyrystimet\/\" target=\"_blank\" rel=\" noopener\">Vaporisaattorivertailu II \u2013 taskuh\u00f6yrystimet<\/a><\/span><div class=\"rss_content\" style=\"\"><small><span class=\"entry-meta entry-date\"><a style=\"text-decoration:none\" href=\"\/\/kannabisuutiset.wordpress.com\">1.7.2014 &nbsp;14:36 &nbsp; Kannabisuutiset<\/a><\/span><\/small><p>Uusia vaporisaattoreita tulvii markkinoille ja Kannabisuutiset testaa j\u00e4lleen valtavasta tarjonnasta muutamia poimintoja. T\u00e4ll\u00e4 kertaa mukana on kolme taskukokoista ja akkuk\u00e4ytt\u00f6ist\u00e4 laitetta. \u201dH\u00f6yryst\u00e4misell\u00e4 eli vaporisoinnilla tarkoitetaan materiaalin kuumentamista niin, ett\u00e4 vaikuttavat ainesosat h\u00f6yrystyv\u00e4t, mutta materiaali ei syty viel\u00e4 palamaan. Kannabiksen tapauksessa oikea l\u00e4mp\u00f6tila on [&hellip;]...<\/p><\/div><\/li><li  style=\"padding: 10px 0 17px\" class=\"rss_item\"><div class=\"rss_image\" style=\"width:133.33333333333px; height:100px;\"><a href=\"https:\/\/kannabisuutiset.wordpress.com\/2014\/01\/13\/kansalaisaloite-kannabiksen-dekriminalisoimiseksi\/\" target=\"_blank\" rel=\" noopener\" title=\"Kansalaisaloite kannabiksen dekriminalisoimiseksi\" style=\"width:133.33333333333px; height:100px;\"><span class=\"fetched\" style=\"background-image:  url('https:\/\/kannabisuutiset.wordpress.com\/wp-content\/uploads\/2014\/01\/itu.jpg?w=344');\" title=\"Kansalaisaloite kannabiksen dekriminalisoimiseksi\"><\/span><amp-img width=\"133.33333333333\" height=\"100\" src=\"https:\/\/kannabisuutiset.wordpress.com\/wp-content\/uploads\/2014\/01\/itu.jpg?w=344\"><\/a><\/div><span class=\"title\"><a href=\"https:\/\/kannabisuutiset.wordpress.com\/2014\/01\/13\/kansalaisaloite-kannabiksen-dekriminalisoimiseksi\/\" target=\"_blank\" rel=\" noopener\">Kansalaisaloite kannabiksen dekriminalisoimiseksi<\/a><\/span><div class=\"rss_content\" style=\"\"><small><span class=\"entry-meta entry-date\"><a style=\"text-decoration:none\" href=\"\/\/kannabisuutiset.wordpress.com\">13.1.2014 &nbsp;21:26 &nbsp; Kannabisuutiset<\/a><\/span><\/small><p>Uusi kansalaisaloite kannabiksen dekriminalisoimiseksi on avattu. T\u00e4t\u00e4 versiota ty\u00f6st\u00e4m\u00e4ss\u00e4 on ollut yli 40 henkil\u00f6\u00e4, ja sen perustelut ovat pitk\u00e4t ja vakuuttavat. N\u00e4ht\u00e4v\u00e4ksi j\u00e4\u00e4 onko Coloradosta l\u00e4htenyt lumivy\u00f6ry ja Uruguaysta mutavy\u00f6ry, joiden vaikutukset n\u00e4kyv\u00e4t jo Suomessakin. Tutustu aloitteen sivustoon:\u00a0http:\/\/dekriminalisointi.fi\/ Aloitetta voit k\u00e4yd\u00e4 kannattamassa [&hellip;]...<\/p><\/div><\/li><li  style=\"padding: 10px 0 17px\" class=\"rss_item\"><div class=\"rss_image\" style=\"width:133.33333333333px; height:100px;\"><a href=\"https:\/\/kannabisuutiset.wordpress.com\/2013\/09\/20\/kannabisuutiset-viisi-vuotta\/\" target=\"_blank\" rel=\" noopener\" title=\"Kannabisuutiset viisi vuotta\" style=\"width:133.33333333333px; height:100px;\"><span class=\"default\" style=\"background-image:url(\/images\/rss_default43.png);\" title=\"Kannabisuutiset viisi vuotta\"><\/span><amp-img width=\"133.33333333333\" height=\"100\" src=\"\/images\/rss_default43.png\"><\/a><\/div><span class=\"title\"><a href=\"https:\/\/kannabisuutiset.wordpress.com\/2013\/09\/20\/kannabisuutiset-viisi-vuotta\/\" target=\"_blank\" rel=\" noopener\">Kannabisuutiset viisi vuotta<\/a><\/span><div class=\"rss_content\" style=\"\"><small><span class=\"entry-meta entry-date\"><a style=\"text-decoration:none\" href=\"\/\/kannabisuutiset.wordpress.com\">20.9.2013 &nbsp;18:23 &nbsp; Kannabisuutiset<\/a><\/span><\/small><p>Viel\u00e4 vuonna 2008 suomalaisessa mediassa kerrottiin kannabiksesta v\u00e4h\u00e4n, mutta ytimekk\u00e4\u00e4sti. Uutisissa oli p\u00e4\u00e4asiassa vain takkutukkien kotietsinn\u00f6ist\u00e4 ja v\u00e4lill\u00e4 poliisi tai l\u00e4\u00e4k\u00e4ri kertoi kannabiksen olevan tappava hermomyrkky, joka johtaa turmioon ja viel\u00e4kin kovempien huumeiden k\u00e4ytt\u00f6\u00f6n. \u00a0Samaan aikaan kuitenkin useassa maassa kannabiksen haitoista ja hy\u00f6dyist\u00e4 k\u00e4ytiin avointa keskustelua, [&hellip;]...<\/p><\/div><\/li><li  style=\"padding: 10px 0 17px\" class=\"rss_item\"><div class=\"rss_image\" style=\"width:133.33333333333px; height:100px;\"><a href=\"https:\/\/kannabisuutiset.wordpress.com\/2013\/05\/27\/kannabis-seminaari-laillisesta-laittomaan\/\" target=\"_blank\" rel=\" noopener\" title=\"Kannabis-seminaari \u2013 Laillisesta laittomaan: L\u00e4\u00e4kek\u00e4yt\u00f6st\u00e4, hampun viljelyst\u00e4 ja v\u00e4h\u00e4n muustakin\" style=\"width:133.33333333333px; height:100px;\"><span class=\"fetched\" style=\"background-image:  url('https:\/\/kannabisuutiset.wordpress.com\/wp-content\/uploads\/2013\/05\/diak.jpg');\" title=\"Kannabis-seminaari \u2013 Laillisesta laittomaan: L\u00e4\u00e4kek\u00e4yt\u00f6st\u00e4, hampun viljelyst\u00e4 ja v\u00e4h\u00e4n muustakin\"><\/span><amp-img width=\"133.33333333333\" height=\"100\" src=\"https:\/\/kannabisuutiset.wordpress.com\/wp-content\/uploads\/2013\/05\/diak.jpg\"><\/a><\/div><span class=\"title\"><a href=\"https:\/\/kannabisuutiset.wordpress.com\/2013\/05\/27\/kannabis-seminaari-laillisesta-laittomaan\/\" target=\"_blank\" rel=\" noopener\">Kannabis-seminaari \u2013 Laillisesta laittomaan: L\u00e4\u00e4kek\u00e4yt\u00f6st\u00e4, hampun viljelyst\u00e4 ja v\u00e4h\u00e4n muustakin<\/a><\/span><div class=\"rss_content\" style=\"\"><small><span class=\"entry-meta entry-date\"><a style=\"text-decoration:none\" href=\"\/\/kannabisuutiset.wordpress.com\">27.5.2013 &nbsp;14:34 &nbsp; Kannabisuutiset<\/a><\/span><\/small><p>ALKOHOLI- JA HUUMETUTKIJAIN SEURA RY J\u00c4RJEST\u00c4\u00c4 Kannabis-seminaari \u2013 Laillisesta laittomaan: L\u00e4\u00e4kek\u00e4yt\u00f6st\u00e4, hampun viljelyst\u00e4\u00a0ja v\u00e4h\u00e4n muustakin Aika: Keskiviikkona 5.6.2013, kello 13.00\u201318.00 Paikka: Diakonia-ammattikorkeakoulu, auditorio 119, 1. krs.\u00a0Sturenkatu 2, Helsinki 13.00\u201313.05 Tervetulosanat. AHTS:n hallituksen pj. Jussi Per\u00e4l\u00e4 13.05\u201313.45 Kannabiksen l\u00e4\u00e4kek\u00e4ytt\u00f6. Timo Sepp\u00e4l\u00e4; [&hellip;]...<\/p><\/div><\/li><\/ul> <\/div><style type=\"text\/css\" media=\"all\">.feedzy-rss .rss_item .rss_image{float:left;position:relative;border:none;text-decoration:none;max-width:100%}.feedzy-rss .rss_item .rss_image span{display:inline-block;position:absolute;width:100%;height:100%;background-position:50%;background-size:cover}.feedzy-rss .rss_item .rss_image{margin:.3em 1em 0 0;content-visibility:auto}.feedzy-rss ul{list-style:none}.feedzy-rss ul li{display:inline-block}<\/style><\/div>\n<p><a href=\"https:\/\/kannabisuutiset.wordpress.com\/\" target=\"_blank\"><img loading=\"lazy\" class=\"wp-image-91 aligncenter\" src=\"https:\/\/hamppu.net\/portal\/wp-content\/uploads\/2016\/10\/kannabisuutiset_logo-300x42.png\" alt=\"kannabisuutiset_logo\" width=\"517\" height=\"72\" srcset=\"https:\/\/hamppu.net\/portal\/wp-content\/uploads\/2016\/10\/kannabisuutiset_logo-300x42.png 300w, https:\/\/hamppu.net\/portal\/wp-content\/uploads\/2016\/10\/kannabisuutiset_logo.png 630w\" sizes=\"(max-width: 517px) 100vw, 517px\" \/><\/a><\/p>\n<style type=\"text\/css\"> .entry-header { display:none !IMPORTANT; } <\/style>\n","protected":false},"excerpt":{"rendered":"","protected":false},"author":420024,"featured_media":0,"parent":0,"menu_order":0,"comment_status":"closed","ping_status":"closed","template":"page-templates\/full-width.php","meta":{"_mi_skip_tracking":false},"_links":{"self":[{"href":"https:\/\/hamppu.net\/portal\/wp-json\/wp\/v2\/pages\/45"}],"collection":[{"href":"https:\/\/hamppu.net\/portal\/wp-json\/wp\/v2\/pages"}],"about":[{"href":"https:\/\/hamppu.net\/portal\/wp-json\/wp\/v2\/types\/page"}],"author":[{"embeddable":true,"href":"https:\/\/hamppu.net\/portal\/wp-json\/wp\/v2\/users\/420024"}],"replies":[{"embeddable":true,"href":"https:\/\/hamppu.net\/portal\/wp-json\/wp\/v2\/comments?post=45"}],"version-history":[{"count":3,"href":"https:\/\/hamppu.net\/portal\/wp-json\/wp\/v2\/pages\/45\/revisions"}],"predecessor-version":[{"id":742,"href":"https:\/\/hamppu.net\/portal\/wp-json\/wp\/v2\/pages\/45\/revisions\/742"}],"wp:attachment":[{"href":"https:\/\/hamppu.net\/portal\/wp-json\/wp\/v2\/media?parent=45"}],"curies":[{"name":"wp","href":"https:\/\/api.w.org\/{rel}","templated":true}]}}