{"id":424,"date":"2016-11-01T07:35:31","date_gmt":"2016-11-01T07:35:31","guid":{"rendered":"http:\/\/hamppu.net\/portal\/?page_id=424"},"modified":"2017-06-10T08:55:36","modified_gmt":"2017-06-10T05:55:36","slug":"lisaksi","status":"publish","type":"page","link":"https:\/\/hamppu.net\/portal\/lisaksi\/","title":{"rendered":"&#8230; lis\u00e4ksi"},"content":{"rendered":"<p><center><a title=\"L\u00e4\u00e4kekannabiksen k\u00e4ytt\u00e4jien yhdistys\" href=\"http:\/\/laakekannabis.fi\/\" target=\"_blank\"><img loading=\"lazy\" width=\"336\" height=\"104\" style=\"display:inline-block; padding: 0 1em 1em 0;max-height:150px;\" src=\"https:\/\/hamppu.net\/portal\/wp-content\/uploads\/2016\/11\/laakekayttoyhdistys.jpg\" alt=\"L\u00e4\u00e4kekannabiksen k\u00e4ytt\u00e4jien yhdistys\" class=\"size-full wp-image-465\" srcset=\"https:\/\/hamppu.net\/portal\/wp-content\/uploads\/2016\/11\/laakekayttoyhdistys.jpg 336w, https:\/\/hamppu.net\/portal\/wp-content\/uploads\/2016\/11\/laakekayttoyhdistys-300x93.jpg 300w\" sizes=\"(max-width: 336px) 100vw, 336px\" \/><\/a><a href=\"http:\/\/kannabisliitto.com\/\" title=\"Suomen Kannabisliitto\" target=\"_blank\"><img loading=\"lazy\" width=\"300\" height=\"150\" style=\"display:inline-block; padding: 0 1em 1em 0;max-height:150px;\" src=\"https:\/\/hamppu.net\/portal\/wp-content\/uploads\/2016\/11\/skl-300x150.png\" alt=\"Suomen Kannabisliitto\" class=\"wp-image-430\" \/><\/a><a href=\"http:\/\/northernhemp.fi\/fi\/\" title=\"Northern Hemp\" target=\"_blank\"><img loading=\"lazy\" width=\"300\" height=\"185\" style=\"display:inline-block; padding: 0 1em 1em 0;max-height:150px;\" src=\"https:\/\/hamppu.net\/portal\/wp-content\/uploads\/2016\/11\/northernhemp-300x185.png\" alt=\"Northern Hemp\" class=\"alignnone size-medium wp-image-862\" srcset=\"https:\/\/hamppu.net\/portal\/wp-content\/uploads\/2016\/11\/northernhemp-300x185.png 300w, https:\/\/hamppu.net\/portal\/wp-content\/uploads\/2016\/11\/northernhemp.png 405w\" sizes=\"(max-width: 300px) 100vw, 300px\" \/><\/a><a href=\"https:\/\/www.facebook.com\/groups\/609516152456438\/\" title=\"L\u00e4\u00e4kekannabis esille Suomessa (Facebook)\" target=\"_blank\"><img loading=\"lazy\" width=\"300\" height=\"187\" style=\"display:inline-block; padding: 0 1em 1em 0;max-height:150px;\" src=\"https:\/\/hamppu.net\/portal\/wp-content\/uploads\/2016\/11\/lkes-300x187.jpg\" alt=\"L\u00e4\u00e4kekannabis esille Suomessa\" class=\"wp-image-428\" srcset=\"https:\/\/hamppu.net\/portal\/wp-content\/uploads\/2016\/11\/lkes-300x187.jpg 300w, https:\/\/hamppu.net\/portal\/wp-content\/uploads\/2016\/11\/lkes-768x479.jpg 768w, https:\/\/hamppu.net\/portal\/wp-content\/uploads\/2016\/11\/lkes.jpg 843w\" sizes=\"(max-width: 300px) 100vw, 300px\" \/><\/a><a href=\"https:\/\/www.facebook.com\/Ruoho-522849941207849\" title=\"Ruoho (Facebook)\" target=\"_blank\"><img style=\"display:inline-block; padding: 0 1em 1em 0;max-height:150px;\" src=\"https:\/\/hamppu.net\/portal\/wp-content\/uploads\/2016\/11\/ruoho-150x150.jpg\" alt=\"Ruoho\" height=\"150\" class=\"wp-image-429\" \/><\/a><\/center><\/p>\n<hr>\n<p><center><a href=\"https:\/\/fi.wikibooks.org\/wiki\/Koristehampun_kasvatusopas\" target=\"_blank\">Koristehampun kasvatusopas eli Hullu puutarhuri 2<\/a><\/center><\/p>\n<hr>\n<p><center><a title=\"International Cannagraphic Magazine Forums Finland\" href=\"https:\/\/www.icmag.com\/ic\/forumdisplay.php?f=65564\" target=\"_blank\"><figure id=\"attachment_427\" aria-describedby=\"caption-attachment-427\" style=\"width: 176px\" class=\"wp-caption aligncenter\"><img loading=\"lazy\" width=\"176\" height=\"114\" src=\"https:\/\/hamppu.net\/portal\/wp-content\/uploads\/2016\/11\/iclogo.png\" alt=\"iclogo\" class=\"aligncenter size-full wp-image-427\" \/><figcaption id=\"caption-attachment-427\" class=\"wp-caption-text\">ICMag Forums Finland<\/figcaption><\/figure><\/a><\/center><\/p>\n<hr>\n<div style=\"font-size:75%; text-align: right;\"><a href=\"https:\/\/hamppu.net\/portal\/ota-yhteytta\/\">Ota yhteytt\u00e4!<\/a><\/div>\n\t\t<div class=\"social-sharing ss-social-sharing\">\r\n\t\t\t\t\t\t<span class=\"top before-sharebutton-text\">Jaa sivu:<\/span>\r\n\t        \t        <a  rel=\"external nofollow\" class=\"ss-button-facebook\" href=\"http:\/\/www.facebook.com\/sharer\/sharer.php?u=https%3A%2F%2Fhamppu.net%2Fportal%2Flisaksi%2F\" target=\"_blank\" >Jaa Facebookissa<\/a><a  rel=\"external nofollow\" class=\"ss-button-twitter\" href=\"http:\/\/twitter.com\/intent\/tweet\/?text=...+lis%C3%A4ksi&url=https%3A%2F%2Fhamppu.net%2Fportal%2Flisaksi%2F&via=growguide1\" target=\"_blank\">Jaa Twitteriss\u00e4<\/a>\t        \t    <\/div>\r\n\t    \n","protected":false},"excerpt":{"rendered":"<p>Koristehampun kasvatusopas eli Hullu puutarhuri 2 Ota yhteytt\u00e4!<\/p>\n","protected":false},"author":420024,"featured_media":0,"parent":0,"menu_order":0,"comment_status":"closed","ping_status":"closed","template":"","meta":{"_mi_skip_tracking":false},"_links":{"self":[{"href":"https:\/\/hamppu.net\/portal\/wp-json\/wp\/v2\/pages\/424"}],"collection":[{"href":"https:\/\/hamppu.net\/portal\/wp-json\/wp\/v2\/pages"}],"about":[{"href":"https:\/\/hamppu.net\/portal\/wp-json\/wp\/v2\/types\/page"}],"author":[{"embeddable":true,"href":"https:\/\/hamppu.net\/portal\/wp-json\/wp\/v2\/users\/420024"}],"replies":[{"embeddable":true,"href":"https:\/\/hamppu.net\/portal\/wp-json\/wp\/v2\/comments?post=424"}],"version-history":[{"count":4,"href":"https:\/\/hamppu.net\/portal\/wp-json\/wp\/v2\/pages\/424\/revisions"}],"predecessor-version":[{"id":864,"href":"https:\/\/hamppu.net\/portal\/wp-json\/wp\/v2\/pages\/424\/revisions\/864"}],"wp:attachment":[{"href":"https:\/\/hamppu.net\/portal\/wp-json\/wp\/v2\/media?parent=424"}],"curies":[{"name":"wp","href":"https:\/\/api.w.org\/{rel}","templated":true}]}}