{"id":28,"date":"2016-10-06T08:03:26","date_gmt":"2016-10-06T08:03:26","guid":{"rendered":"http:\/\/hamppu.net\/portal\/?page_id=28"},"modified":"2017-01-25T12:41:45","modified_gmt":"2017-01-25T10:41:45","slug":"tietoja","status":"publish","type":"page","link":"https:\/\/hamppu.net\/portal\/tietoja\/","title":{"rendered":"Tietoja"},"content":{"rendered":"<p><span style=\"font-size: 125%;\">Hamppu.net on Suomen vanhin ja suurin t\u00e4ysi-ik\u00e4isille tarkoitettu kannabisaiheinen verkkoyhteis\u00f6!<\/span><\/p>\n<h2>Historiaa<\/h2>\n<p>Vuonna 2000 <a href=\"http:\/\/www.suomenkannabisyhdistys.org\/\">Suomen kannabisyhdistys<\/a> perusti <strong>Hamppuforum<\/strong>-nimisen keskustelupalstan Ezboard-palveluun. T\u00e4st\u00e4 kaikki alkoi.<\/p>\n<p>Pieni flashback: <a href=\"http:\/\/www.hamppu.net\/forum_historia\/hforum0112.html\" target=\"_blank\">Hamppuforum joulukuussa vuonna 2001<\/a>.<\/p>\n<p>Hieman yll\u00e4tt\u00e4v\u00e4nkin suosion saanut keskustelupalsta kasvoi muutamassa vuodessa liian suureksi ilmaispalveluun ja t\u00e4m\u00e4n vuoksi vuonna 2003 perustettiin <strong>hamppu.net<\/strong>, jonka alle Hamppuforum siirrettiin. Keskustelupalstaa py\u00f6ritti phpBB 2 -ohjelmisto. Hamppu.netin etusivulla, &#8221;portaalissa&#8221;, oli erilaisia artikkeleita, uutisia ja ohjeita.<\/p>\n<p>Keskustelupalsta on kasvanut tasaisesti. Portaalin puolella omien juttujen virta ehtyi, ja vuonna 2012 portaali uudistettiinkin n\u00e4ytt\u00e4m\u00e4\u00e4n uutisia <a href=\"http:\/\/www.suomenkannabisyhdistys.org\/\">Suomen kannabisyhdistyksen<\/a>, <a href=\"http:\/\/tusky.fi\/\">Turun seudun kannabisyhdistyksen<\/a> ja <a href=\"https:\/\/kannabisuutiset.wordpress.com\/\">Kannabisuutisten<\/a> sivuilta. Lis\u00e4ksi toki n\u00e4ytettiin omat tiedotteet mm. sivuston toiminnasta.<\/p>\n<h2>Uusi hamppu.net<\/h2>\n<p>Vuonna 2016 sek\u00e4 portaali ett\u00e4 foorumi uudistettiin k\u00e4ytt\u00e4m\u00e4\u00e4n nykyaikaisia ohjelmistoversioita. Uudessa portaalissa on WordPress-ohjelmisto ja keskustelupalstalla phpBB 3.1. Uusi portaali ker\u00e4\u00e4 tuoreimmat hamppu- ja kannabisaiheiset uutiset ja artikkelit luettavaksenne, nyt uusina sis\u00e4ll\u00f6ntuottajina mukana <a href=\"http:\/\/lohari.net\/\">Lohari<\/a> ja <a href=\"http:\/\/www.marjaana.fi\/\">Marjaana<\/a>. Hamppuforumilla puolestaan kaikki vanha tieto, viestit ja k\u00e4ytt\u00e4j\u00e4t on s\u00e4ilytetty ja tuotu uuteen versioon. Nyt sivut toimivat sujuvasti my\u00f6s tabletilla ja puhelimella.<\/p>\n<p>Hamppu.netin yll\u00e4pito toivottaa teid\u00e4t <strong>tervetulleiksi uuteen hamppu.netiin!<\/strong> <\/p>\n<p><strong><a href=\"https:\/\/www.hamppu.net\/forum\/\">Uusi Hamppuforum<\/a><\/strong><\/p>\n<p>Hamppu.net on nyky\u00e4\u00e4n my\u00f6s <strong><a href=\"https:\/\/www.facebook.com\/Hamppunet-1372443192801001\/\" target=\"_blank\">Facebookissa<\/a><\/strong>, <strong><a href=\"https:\/\/www.instagram.com\/growguide1\/\" target=\"_blank\">Instagramissa<\/a><\/strong> ja <strong><a href=\"https:\/\/twitter.com\/growguide1\" target=\"_blank\">Twitteriss\u00e4<\/a><\/strong>!<\/p>\n<p><img loading=\"lazy\" src=\"https:\/\/hamppu.net\/portal\/wp-content\/uploads\/2016\/10\/logo_hamppunet-1-300x225.png\" alt=\"logo_hamppunet\" width=\"300\" height=\"225\" class=\"aligncenter size-medium wp-image-179\" srcset=\"https:\/\/hamppu.net\/portal\/wp-content\/uploads\/2016\/10\/logo_hamppunet-1-300x225.png 300w, https:\/\/hamppu.net\/portal\/wp-content\/uploads\/2016\/10\/logo_hamppunet-1.png 640w\" sizes=\"(max-width: 300px) 100vw, 300px\" \/><\/p>\n<p><center><\/center><script type=\"text\/javascript\">\nfunction calculateAge(birthMonth, birthDay, birthYear)\n{\n  todayDate = new Date();\n  todayYear = todayDate.getFullYear();\n  todayMonth = todayDate.getMonth();\n  todayDay = todayDate.getDate();\n  age = todayYear-birthYear; \n  if(todayMonth < birthMonth-1) age--;\n  if(birthMonth-1 == todayMonth) if (todayDay < birthDay) age--;\n  return age;\n}\n<\/script><\/p>\n<p>Joka vanhoja muistelee, sit\u00e4 tikulla silm\u00e4\u00e4n. <a href=\"\/index.php\">Vanha portaali<\/a> on yh\u00e4 olemassa. Hyvin se toimii, ehk\u00e4 jo hieman krohisten, <script type=\"text\/javascript\"> document.write(calculateAge(12,10,2003));<\/script>-vuotias Mambo-vanhus.<\/p>\n<p><a href=\"https:\/\/hamppu.net\/portal\/tietoja\/saannot\">Hamppu.netin s\u00e4\u00e4nn\u00f6t<\/a><br \/>\n\t\t<div class=\"social-sharing ss-social-sharing\">\r\n\t\t\t\t\t\t<span class=\"top before-sharebutton-text\">Jaa sivu:<\/span>\r\n\t        \t        <a  rel=\"external nofollow\" class=\"ss-button-facebook\" href=\"http:\/\/www.facebook.com\/sharer\/sharer.php?u=https%3A%2F%2Fhamppu.net%2Fportal%2Ftietoja%2F\" target=\"_blank\" >Jaa Facebookissa<\/a><a  rel=\"external nofollow\" class=\"ss-button-twitter\" href=\"http:\/\/twitter.com\/intent\/tweet\/?text=Tietoja&url=https%3A%2F%2Fhamppu.net%2Fportal%2Ftietoja%2F&via=growguide1\" target=\"_blank\">Jaa Twitteriss\u00e4<\/a>\t        \t    <\/div>\r\n\t    <\/p>\n","protected":false},"excerpt":{"rendered":"<p>Hamppu.net on Suomen vanhin ja suurin t\u00e4ysi-ik\u00e4isille tarkoitettu kannabisaiheinen verkkoyhteis\u00f6! Historiaa Vuonna 2000 Suomen kannabisyhdistys perusti Hamppuforum -nimisen keskustelupalstan Ezboard-palveluun. T\u00e4st\u00e4 kaikki alkoi. Pieni flashback: Hamppuforum joulukuussa vuonna 2001 . Hieman yll\u00e4tt\u00e4v\u00e4nkin suosion saanut keskustelupalsta kasvoi muutamassa vuodessa liian suureksi ilmaispalveluun ja\u2026<\/p>\n","protected":false},"author":420024,"featured_media":0,"parent":0,"menu_order":0,"comment_status":"closed","ping_status":"closed","template":"","meta":{"_mi_skip_tracking":false},"_links":{"self":[{"href":"https:\/\/hamppu.net\/portal\/wp-json\/wp\/v2\/pages\/28"}],"collection":[{"href":"https:\/\/hamppu.net\/portal\/wp-json\/wp\/v2\/pages"}],"about":[{"href":"https:\/\/hamppu.net\/portal\/wp-json\/wp\/v2\/types\/page"}],"author":[{"embeddable":true,"href":"https:\/\/hamppu.net\/portal\/wp-json\/wp\/v2\/users\/420024"}],"replies":[{"embeddable":true,"href":"https:\/\/hamppu.net\/portal\/wp-json\/wp\/v2\/comments?post=28"}],"version-history":[{"count":4,"href":"https:\/\/hamppu.net\/portal\/wp-json\/wp\/v2\/pages\/28\/revisions"}],"predecessor-version":[{"id":752,"href":"https:\/\/hamppu.net\/portal\/wp-json\/wp\/v2\/pages\/28\/revisions\/752"}],"wp:attachment":[{"href":"https:\/\/hamppu.net\/portal\/wp-json\/wp\/v2\/media?parent=28"}],"curies":[{"name":"wp","href":"https:\/\/api.w.org\/{rel}","templated":true}]}}