{"id":244,"date":"2016-10-15T09:08:39","date_gmt":"2016-10-15T09:08:39","guid":{"rendered":"http:\/\/hamppu.net\/portal\/?page_id=244"},"modified":"2017-12-19T08:16:48","modified_gmt":"2017-12-19T06:16:48","slug":"saannot","status":"publish","type":"page","link":"https:\/\/hamppu.net\/portal\/saannot\/","title":{"rendered":"Hamppu.netin s\u00e4\u00e4nn\u00f6t"},"content":{"rendered":"<p>Sivuston k\u00e4ytt\u00e4j\u00e4n\u00e4 sitoudut noudattamaan seuraavia s\u00e4\u00e4nt\u00f6j\u00e4 ja ohjeita.<\/p>\n<h2>Yleist\u00e4<\/h2>\n<ul>\n<li>Hamppu.net (ja Hamppuforum) on t\u00e4ysi-ik\u00e4isille tarkoitettu sivusto, joka k\u00e4sittelee hamppua ja siihen liittyvi\u00e4 asioita. Muille p\u00e4ihteille on omat fooruminsa, mm. <a href=\"http:\/\/www.paihdelinkki.fi\/keskustelu\/index.php\" target=\"_blank\">P\u00e4ihdelinkki<\/a>.<\/li>\n<li>Hamppu.netin tieto on k\u00e4ytt\u00e4jien kirjoittamaa. Se ei siis v\u00e4ltt\u00e4m\u00e4tt\u00e4 ole totuus. Pid\u00e4 oma j\u00e4rki aina mukana.<\/li>\n<li>Vaikka sivuston yll\u00e4pit\u00e4j\u00e4t ja moderaattorit pyrkiv\u00e4t poistamaan tai muokkaamaan sopimattoman sis\u00e4ll\u00f6n, on mahdotonta tarkistaa kaikkea. Viestit sivuilla ovat kirjoittajiensa mielipiteit\u00e4. Yll\u00e4pito tai moderaattorit eiv\u00e4t ole vastuussa sivuston kirjoituksista.<\/li>\n<li>Yll\u00e4pito ei vastaa siit\u00e4, mit\u00e4 teet sivuilta saamillasi tiedoilla. Emme kannusta k\u00e4ytt\u00e4ji\u00e4 laittomuuksiin.<\/li>\n<\/ul>\n<h2>Hamppuforum<\/h2>\n<ul>\n<li>Mieti mit\u00e4 kirjoitat ja lue viestisi l\u00e4pi ennen sen l\u00e4hett\u00e4mist\u00e4.<\/li>\n<li>Huomaa, ett\u00e4 julkisille keskustelualueille l\u00e4hetetyt viestit indeksoituvat netin hakukoneisiin.<\/li>\n<li>Yll\u00e4pito varaa itselleen oikeuden k\u00e4ytt\u00e4\u00e4 julkisille keskustelualueille l\u00e4hetettyj\u00e4 kuvia ja tekstej\u00e4 Hamppu.netin sosiaalisissa medioissa.<\/li>\n<li>Jos aiot kysy\u00e4 jotain, varmista haun avulla, ettei samasta asiasta ole jo keskustelua.<\/li>\n<li>Laita viestisi oikealle alueelle ja otsikoi viesti kuvaavasti (helpottaa viestien lukemista huomattavasti).<\/li>\n<li>\u00c4l\u00e4 toistaa samaa kysymyst\u00e4si useassa langassa. Mik\u00e4li kysymyksesi on oikeassa paikassa, saat varmasti vastauksen.<\/li>\n<li>Mielipiteet on hyv\u00e4 perustella. Huomioi, ett\u00e4 jokaisella on oikeus kantaansa.<\/li>\n<li>Lainatessasi teksti\u00e4 muualta, kerro mist\u00e4 teksti on otettu ja laita viestiisi mielell\u00e4\u00e4n linkki l\u00e4hteeseen.<\/li>\n<li>Kenenk\u00e4\u00e4n henkil\u00f6n yhteystietoja tai kuvia ei saa laittaa foorumille ilman lupaa. Yll\u00e4pito ei koskaan kysy yhteystietojasi s\u00e4hk\u00f6postiosoitetta lukuun ottamatta.<\/li>\n<li>Laittomien tuotteiden ja palveluiden osto, myynti, vaihto, tarjoaminen jne. on kielletty\u00e4.<\/li>\n<li>Muiden k\u00e4ytt\u00e4jien h\u00e4irint\u00e4 tai loukkaaminen, asiattomat postit, trollaus ja muu s\u00e4\u00e4nt\u00f6jen rikkominen tai yllytys edellisiin voivat johtaa yll\u00e4pidon toimiin eli tapauksesta riippuen varoituksesta porttikieltoon tai jopa tunnuksien poistoon. Yll\u00e4pidon mustamaalaus ja h\u00e4irint\u00e4 kuten uhkailu voivat my\u00f6s johtaa em. toimiin.<\/li>\n<li>Yll\u00e4pidolla on oikeus muokata, poistaa tai siirt\u00e4\u00e4 viestej\u00e4 tarvittaessa.<\/li>\n<li>Hamppu.net pid\u00e4tt\u00e4\u00e4 oikeuden muuttaa s\u00e4\u00e4nt\u00f6j\u00e4 ilman eri ilmoitusta.<\/li>\n<li>Jos havaitset s\u00e4\u00e4nt\u00f6rikkomuksen, ota heti yhteys yll\u00e4pitoon.<\/li>\n<\/ul>\n<p>Kysymyksi\u00e4? <a href=\"ota-yhteytta\">Ota yhteytt\u00e4<\/a>!<\/p>\n","protected":false},"excerpt":{"rendered":"<p>Sivuston k\u00e4ytt\u00e4j\u00e4n\u00e4 sitoudut noudattamaan seuraavia s\u00e4\u00e4nt\u00f6j\u00e4 ja ohjeita. Yleist\u00e4 Hamppu.net (ja Hamppuforum) on t\u00e4ysi-ik\u00e4isille tarkoitettu sivusto, joka k\u00e4sittelee hamppua ja siihen liittyvi\u00e4 asioita. Muille p\u00e4ihteille on omat fooruminsa, mm. P\u00e4ihdelinkki . Hamppu.netin tieto on k\u00e4ytt\u00e4jien kirjoittamaa. Se ei siis v\u00e4ltt\u00e4m\u00e4tt\u00e4 ole totuus.<\/p>\n","protected":false},"author":420024,"featured_media":0,"parent":0,"menu_order":0,"comment_status":"closed","ping_status":"closed","template":"","meta":{"_mi_skip_tracking":false},"_links":{"self":[{"href":"https:\/\/hamppu.net\/portal\/wp-json\/wp\/v2\/pages\/244"}],"collection":[{"href":"https:\/\/hamppu.net\/portal\/wp-json\/wp\/v2\/pages"}],"about":[{"href":"https:\/\/hamppu.net\/portal\/wp-json\/wp\/v2\/types\/page"}],"author":[{"embeddable":true,"href":"https:\/\/hamppu.net\/portal\/wp-json\/wp\/v2\/users\/420024"}],"replies":[{"embeddable":true,"href":"https:\/\/hamppu.net\/portal\/wp-json\/wp\/v2\/comments?post=244"}],"version-history":[{"count":4,"href":"https:\/\/hamppu.net\/portal\/wp-json\/wp\/v2\/pages\/244\/revisions"}],"predecessor-version":[{"id":934,"href":"https:\/\/hamppu.net\/portal\/wp-json\/wp\/v2\/pages\/244\/revisions\/934"}],"wp:attachment":[{"href":"https:\/\/hamppu.net\/portal\/wp-json\/wp\/v2\/media?parent=244"}],"curies":[{"name":"wp","href":"https:\/\/api.w.org\/{rel}","templated":true}]}}