{"id":24,"date":"2016-10-06T08:01:55","date_gmt":"2016-10-06T08:01:55","guid":{"rendered":"http:\/\/hamppu.net\/portal\/?page_id=24"},"modified":"2017-01-25T12:35:13","modified_gmt":"2017-01-25T10:35:13","slug":"kotimaa","status":"publish","type":"page","link":"https:\/\/hamppu.net\/portal\/kotimaa\/","title":{"rendered":"Kotimaan uutisia"},"content":{"rendered":"<div class=\"feedzy-ca322ba927ab8ce4fbf62846e1b65994 feedzy-rss\"><ul><li  style=\"padding: 17px 0 28px\" class=\"rss_item\"><div class=\"rss_image\" style=\"width:222.66666666667px; height:167px;\"><a href=\"https:\/\/www.laitilansanomat.fi\/2026\/05\/poliisi-asunnosta-ugissa-loytyi-iso-tukku-rahaa-ja-huumeita\/\" target=\"_blank\" rel=\" noopener\" title=\"Poliisi | Asunnosta Ugissa l\u00f6ytyi iso tukku rahaa ja huumeita\" style=\"width:222.66666666667px; height:167px;\"><span class=\"fetched\" style=\"background-image:  url('https:\/\/www.laitilansanomat.fi\/wp-content\/uploads\/2019\/02\/1033862_-\u2013-Kopio.jpg');\" title=\"Poliisi | Asunnosta Ugissa l\u00f6ytyi iso tukku rahaa ja huumeita\"><\/span><amp-img width=\"222.66666666667\" height=\"167\" src=\"https:\/\/www.laitilansanomat.fi\/wp-content\/uploads\/2019\/02\/1033862_-\u2013-Kopio.jpg\"><\/a><\/div><span class=\"title\"><a href=\"https:\/\/www.laitilansanomat.fi\/2026\/05\/poliisi-asunnosta-ugissa-loytyi-iso-tukku-rahaa-ja-huumeita\/\" target=\"_blank\" rel=\" noopener\">Poliisi | Asunnosta Ugissa l\u00f6ytyi iso tukku rahaa ja huumeita<\/a><\/span><div class=\"rss_content\" style=\"\"><small><span class=\"entry-meta entry-date\"><a style=\"text-decoration:none\" href=\"\/\/www.laitilansanomat.fi\">1.5.2026 &nbsp;4:31 &nbsp; laitilansanomat.fi<\/a><\/span><\/small><p>Lounais-Suomen poliisi teki huhtikuussa huumausaineiden k\u00e4yt\u00f6n ja myynnin valvontaa Turussa, Salossa, Uudessakaupungissa ja Loimaalla. Huumausaineiden valvonnassa paljastui my\u00f6s paljon muita rikoksia.<\/p><\/div><\/li><li  style=\"padding: 17px 0 28px\" class=\"rss_item\"><div class=\"rss_image\" style=\"width:222.66666666667px; height:167px;\"><a href=\"https:\/\/www.uudenkaupunginsanomat.fi\/2026\/05\/ts-asunnosta-ugissa-loytyi-iso-tukku-rahaa-ja-huumeita\/\" target=\"_blank\" rel=\" noopener\" title=\"TS: Asunnosta Ugissa l\u00f6ytyi iso tukku rahaa ja huumeita\" style=\"width:222.66666666667px; height:167px;\"><span class=\"fetched\" style=\"background-image:  url('https:\/\/www.uudenkaupunginsanomat.fi\/wp-content\/uploads\/2019\/11\/logonimiomobcol.png');\" title=\"TS: Asunnosta Ugissa l\u00f6ytyi iso tukku rahaa ja huumeita\"><\/span><amp-img width=\"222.66666666667\" height=\"167\" src=\"https:\/\/www.uudenkaupunginsanomat.fi\/wp-content\/uploads\/2019\/11\/logonimiomobcol.png\"><\/a><\/div><span class=\"title\"><a href=\"https:\/\/www.uudenkaupunginsanomat.fi\/2026\/05\/ts-asunnosta-ugissa-loytyi-iso-tukku-rahaa-ja-huumeita\/\" target=\"_blank\" rel=\" noopener\">TS: Asunnosta Ugissa l\u00f6ytyi iso tukku rahaa ja huumeita<\/a><\/span><div class=\"rss_content\" style=\"\"><small><span class=\"entry-meta entry-date\"><a style=\"text-decoration:none\" href=\"\/\/www.uudenkaupunginsanomat.fi\">1.5.2026 &nbsp;4:17 &nbsp; uudenkaupunginsanomat.fi<\/a><\/span><\/small><p>Uudenkaupunginsanomat...<\/p><\/div><\/li><li  style=\"padding: 17px 0 28px\" class=\"rss_item\"><div class=\"rss_image\" style=\"width:222.66666666667px; height:167px;\"><a href=\"https:\/\/www.is.fi\/turun-seutu\/art-2000011979324.html?utm_source=ampparit\" target=\"_blank\" rel=\" noopener\" title=\"Tehovalvonta paljasti katukaupan - poliisin haaviin huumeita, aseita ja k\u00e4teist\u00e4\" style=\"width:222.66666666667px; height:167px;\"><span class=\"fetched\" style=\"background-image:  url('https:\/\/images.sanoma-sndp.fi\/ae1df00ec73bebcfa1509d7b5ccaa2f9\/some\/is-default.jpg');\" title=\"Tehovalvonta paljasti katukaupan - poliisin haaviin huumeita, aseita ja k\u00e4teist\u00e4\"><\/span><amp-img width=\"222.66666666667\" height=\"167\" src=\"https:\/\/images.sanoma-sndp.fi\/ae1df00ec73bebcfa1509d7b5ccaa2f9\/some\/is-default.jpg\"><\/a><\/div><span class=\"title\"><a href=\"https:\/\/www.is.fi\/turun-seutu\/art-2000011979324.html?utm_source=ampparit\" target=\"_blank\" rel=\" noopener\">Tehovalvonta paljasti katukaupan - poliisin haaviin huumeita, aseita ja k\u00e4teist\u00e4<\/a><\/span><div class=\"rss_content\" style=\"\"><small><span class=\"entry-meta entry-date\"><a style=\"text-decoration:none\" href=\"\/\/www.is.fi\">30.4.2026 &nbsp;13:26 &nbsp; is.fi<\/a><\/span><\/small><p>Monet kiinni j\u00e4\u00e4neet ostajat olivat alaik\u00e4isi\u00e4 ja ensikertalaisia.<\/p><\/div><\/li><li  style=\"padding: 17px 0 28px\" class=\"rss_item\"><div class=\"rss_image\" style=\"width:222.66666666667px; height:167px;\"><a href=\"https:\/\/www.iltalehti.fi\/kotimaa\/a\/444f19b1-1175-4a51-85a0-f3d1e2cba217\" target=\"_blank\" rel=\" noopener\" title=\"Poliisi teki 10 p\u00e4iv\u00e4n iskun: Huolestuttava l\u00f6yt\u00f6\" style=\"width:222.66666666667px; height:167px;\"><span class=\"fetched\" style=\"background-image:  url('https:\/\/img.ilcdn.fi\/sLUWZ_v4UGkxqY_XXKyAkyiMFZU=\/1200x630\/top\/filters:watermark(assets.ilcdn.fi\/ilsome_v2.jpg,25,0,0)\/img-s3.ilcdn.fi\/9c9ae86d5a76a4ff6f38a5916d06b819b6bf57a284ac49dcc35d9b2596ef7ec8.jpg');\" title=\"Poliisi teki 10 p\u00e4iv\u00e4n iskun: Huolestuttava l\u00f6yt\u00f6\"><\/span><amp-img width=\"222.66666666667\" height=\"167\" src=\"https:\/\/img.ilcdn.fi\/sLUWZ_v4UGkxqY_XXKyAkyiMFZU=\/1200x630\/top\/filters:watermark(assets.ilcdn.fi\/ilsome_v2.jpg,25,0,0)\/img-s3.ilcdn.fi\/9c9ae86d5a76a4ff6f38a5916d06b819b6bf57a284ac49dcc35d9b2596ef7ec8.jpg\"><\/a><\/div><span class=\"title\"><a href=\"https:\/\/www.iltalehti.fi\/kotimaa\/a\/444f19b1-1175-4a51-85a0-f3d1e2cba217\" target=\"_blank\" rel=\" noopener\">Poliisi teki 10 p\u00e4iv\u00e4n iskun: Huolestuttava l\u00f6yt\u00f6<\/a><\/span><div class=\"rss_content\" style=\"\"><small><span class=\"entry-meta entry-date\"><a style=\"text-decoration:none\" href=\"\/\/www.iltalehti.fi\">30.4.2026 &nbsp;12:31 &nbsp; iltalehti.fi<\/a><\/span><\/small><p>Alfa-PVP eli peukku ei juuri n\u00e4y Varsinais-Suomen kaupunkien kaduilla, mutta perinteiset huumausaineet k\u00e4yv\u00e4t kaupaksi.<\/p><\/div><\/li><li  style=\"padding: 17px 0 28px\" class=\"rss_item\"><div class=\"rss_image\" style=\"width:222.66666666667px; height:167px;\"><a href=\"https:\/\/www.kymensanomat.fi\/paikalliset\/9418711\" target=\"_blank\" rel=\" noopener\" title=\"Kotkassa viime vuonna aloittanut hamppukauppa sulkeutuu - Kaupunkiin on jo suunnitteilla seuraava saman alan yritys\" style=\"width:222.66666666667px; height:167px;\"><span class=\"fetched\" style=\"background-image:  url('https:\/\/i.media.fi\/incoming\/x4rau2\/11124102.jpg\/alternates\/OG_IMAGE_KYMENSANOMAT\/11124102.jpg');\" title=\"Kotkassa viime vuonna aloittanut hamppukauppa sulkeutuu - Kaupunkiin on jo suunnitteilla seuraava saman alan yritys\"><\/span><amp-img width=\"222.66666666667\" height=\"167\" src=\"https:\/\/i.media.fi\/incoming\/x4rau2\/11124102.jpg\/alternates\/OG_IMAGE_KYMENSANOMAT\/11124102.jpg\"><\/a><\/div><span class=\"title\"><a href=\"https:\/\/www.kymensanomat.fi\/paikalliset\/9418711\" target=\"_blank\" rel=\" noopener\">Kotkassa viime vuonna aloittanut hamppukauppa sulkeutuu - Kaupunkiin on jo suunnitteilla seuraava saman alan yritys<\/a><\/span><div class=\"rss_content\" style=\"\"><small><span class=\"entry-meta entry-date\"><a style=\"text-decoration:none\" href=\"\/\/www.kymensanomat.fi\">30.4.2026 &nbsp;12:14 &nbsp; kymensanomat.fi<\/a><\/span><\/small><p>Ghost Town Seedsin Kotkan liikkeen lopettaminen liittyy liiketilan pakkolunastukseen ja myyntiin uudelle omistajalle.<\/p><\/div><\/li><li  style=\"padding: 17px 0 28px\" class=\"rss_item\"><div class=\"rss_image\" style=\"width:222.66666666667px; height:167px;\"><a href=\"https:\/\/aamuset.fi\/artikkeli\/6969824\" target=\"_blank\" rel=\" noopener\" title=\"Huumausainevalvonnassa kiinni useita alaik\u00e4isi\u00e4\" style=\"width:222.66666666667px; height:167px;\"><span class=\"fetched\" style=\"background-image:  url('https:\/\/aamuset.fi\/Content\/app\/img\/oglogo.jpg');\" title=\"Huumausainevalvonnassa kiinni useita alaik\u00e4isi\u00e4\"><\/span><amp-img width=\"222.66666666667\" height=\"167\" src=\"https:\/\/aamuset.fi\/Content\/app\/img\/oglogo.jpg\"><\/a><\/div><span class=\"title\"><a href=\"https:\/\/aamuset.fi\/artikkeli\/6969824\" target=\"_blank\" rel=\" noopener\">Huumausainevalvonnassa kiinni useita alaik\u00e4isi\u00e4<\/a><\/span><div class=\"rss_content\" style=\"\"><small><span class=\"entry-meta entry-date\"><a style=\"text-decoration:none\" href=\"\/\/aamuset.fi\">30.4.2026 &nbsp;11:37 &nbsp; aamuset.fi<\/a><\/span><\/small><p>Lounais-Suomen poliisi tekee huumausaineiden k&#228;yt&#246;n ja myynnin valvontaa niin alueen isommissa kuin pienemmiss&#228;kin kaupungeissa. Huumausaineiden valvonnassa paljastuu my&#246;s paljon muita oheisrikoksia.<\/p><\/div><\/li><li  style=\"padding: 17px 0 28px\" class=\"rss_item\"><div class=\"rss_image\" style=\"width:222.66666666667px; height:167px;\"><a href=\"https:\/\/www.uudenkaupunginsanomat.fi\/2026\/04\/poliisi-teki-tehovalvontaa-ja-kotietsinnan-ugissa-miehella-huumaavia-laakeaineita-ja-nippu-kateista\/\" target=\"_blank\" rel=\" noopener\" title=\"Asunnosta Ugissa l\u00f6ytyi poliisietsinn\u00e4ss\u00e4 iso tukku rahaa ja huumeita\" style=\"width:222.66666666667px; height:167px;\"><span class=\"fetched\" style=\"background-image:  url('https:\/\/www.uudenkaupunginsanomat.fi\/wp-content\/uploads\/2019\/01\/poliisi-selka-merkki.jpg');\" title=\"Asunnosta Ugissa l\u00f6ytyi poliisietsinn\u00e4ss\u00e4 iso tukku rahaa ja huumeita\"><\/span><amp-img width=\"222.66666666667\" height=\"167\" src=\"https:\/\/www.uudenkaupunginsanomat.fi\/wp-content\/uploads\/2019\/01\/poliisi-selka-merkki.jpg\"><\/a><\/div><span class=\"title\"><a href=\"https:\/\/www.uudenkaupunginsanomat.fi\/2026\/04\/poliisi-teki-tehovalvontaa-ja-kotietsinnan-ugissa-miehella-huumaavia-laakeaineita-ja-nippu-kateista\/\" target=\"_blank\" rel=\" noopener\">Asunnosta Ugissa l\u00f6ytyi poliisietsinn\u00e4ss\u00e4 iso tukku rahaa ja huumeita<\/a><\/span><div class=\"rss_content\" style=\"\"><small><span class=\"entry-meta entry-date\"><a style=\"text-decoration:none\" href=\"\/\/www.uudenkaupunginsanomat.fi\">30.4.2026 &nbsp;10:55 &nbsp; uudenkaupunginsanomat.fi<\/a><\/span><\/small><p>Lounais-Suomen poliisi tekee huumausaineiden k\u00e4yt\u00f6n ja myynnin valvontaa niin alueen isommissa kuin pienemmiss\u00e4kin kaupungeissa. Huumausaineiden...<\/p><\/div><\/li><li  style=\"padding: 17px 0 28px\" class=\"rss_item\"><div class=\"rss_image\" style=\"width:222.66666666667px; height:167px;\"><a href=\"https:\/\/poliisi.fi\/-\/poliisin-tehokas-huumausainevalvonta-osoittaa-katukaupan-yleisyyden\" target=\"_blank\" rel=\" noopener\" title=\"Poliisin tehokas huumausainevalvonta osoittaa katukaupan yleisyyden\" style=\"width:222.66666666667px; height:167px;\"><span class=\"fetched\" style=\"background-image:  url('https:\/\/poliisi.fi\/documents\/25235045\/59575175\/takavarikkoja ja etsint\u00e4\u00e4_11.jpg\/ef2cd00f-69bf-a433-d4fa-1513e2940f32?t=1777545629993');\" title=\"Poliisin tehokas huumausainevalvonta osoittaa katukaupan yleisyyden\"><\/span><amp-img width=\"222.66666666667\" height=\"167\" src=\"https:\/\/poliisi.fi\/documents\/25235045\/59575175\/takavarikkoja ja etsint\u00e4\u00e4_11.jpg\/ef2cd00f-69bf-a433-d4fa-1513e2940f32?t=1777545629993\"><\/a><\/div><span class=\"title\"><a href=\"https:\/\/poliisi.fi\/-\/poliisin-tehokas-huumausainevalvonta-osoittaa-katukaupan-yleisyyden\" target=\"_blank\" rel=\" noopener\">Poliisin tehokas huumausainevalvonta osoittaa katukaupan yleisyyden<\/a><\/span><div class=\"rss_content\" style=\"\"><small><span class=\"entry-meta entry-date\"><a style=\"text-decoration:none\" href=\"\/\/poliisi.fi\">30.4.2026 &nbsp;10:46 &nbsp; poliisi.fi<\/a><\/span><\/small><p>Lounais-Suomen poliisi tekee huumausaineiden k\u00e4yt\u00f6n ja myynnin valvontaa niin alueen isommissa kuin pienemmiss\u00e4kin kaupungeissa. Huumausaineiden valvonnassa paljastuu my\u00f6s paljon muita oheisrikoksia.<\/p><\/div><\/li><li  style=\"padding: 17px 0 28px\" class=\"rss_item\"><div class=\"rss_image\" style=\"width:222.66666666667px; height:167px;\"><a href=\"https:\/\/www.is.fi\/tv-ja-elokuvat\/art-2000011960203.html?utm_source=ampparit\" target=\"_blank\" rel=\" noopener\" title=\"T\u00e4m\u00e4 sarja naurattaa aidosti - vahva suositus\" style=\"width:222.66666666667px; height:167px;\"><span class=\"fetched\" style=\"background-image:  url('https:\/\/images.sanoma-sndp.fi\/eb9df2319011e4620b8ecfc375193355\/some\/is-default.jpg');\" title=\"T\u00e4m\u00e4 sarja naurattaa aidosti - vahva suositus\"><\/span><amp-img width=\"222.66666666667\" height=\"167\" src=\"https:\/\/images.sanoma-sndp.fi\/eb9df2319011e4620b8ecfc375193355\/some\/is-default.jpg\"><\/a><\/div><span class=\"title\"><a href=\"https:\/\/www.is.fi\/tv-ja-elokuvat\/art-2000011960203.html?utm_source=ampparit\" target=\"_blank\" rel=\" noopener\">T\u00e4m\u00e4 sarja naurattaa aidosti - vahva suositus<\/a><\/span><div class=\"rss_content\" style=\"\"><small><span class=\"entry-meta entry-date\"><a style=\"text-decoration:none\" href=\"\/\/www.is.fi\">29.4.2026 &nbsp;17:31 &nbsp; is.fi<\/a><\/span><\/small><p>Uutuussarja Widow's Bay vakuuttaa verkkaisesta alustaan huolimatta.<\/p><\/div><\/li><li  style=\"padding: 17px 0 28px\" class=\"rss_item\"><div class=\"rss_image\" style=\"width:222.66666666667px; height:167px;\"><a href=\"https:\/\/www.avl.fi\/2026\/04\/anna-kehun-kiertaa-sarja-tavoitteet-pitavat-maanviljelija-ja-voimailija-ville-virtasen-kipinaa-ylla\/\" target=\"_blank\" rel=\" noopener\" title=\"Anna kehun kiert\u00e4\u00e4 -sarja: Tavoitteet pit\u00e4v\u00e4t maanviljelij\u00e4 ja voimailija Ville Virtasen kipin\u00e4\u00e4 yll\u00e4\" style=\"width:222.66666666667px; height:167px;\"><span class=\"fetched\" style=\"background-image:  url('https:\/\/www.avl.fi\/wp-content\/uploads\/2026\/04\/11760425.jpg');\" title=\"Anna kehun kiert\u00e4\u00e4 -sarja: Tavoitteet pit\u00e4v\u00e4t maanviljelij\u00e4 ja voimailija Ville Virtasen kipin\u00e4\u00e4 yll\u00e4\"><\/span><amp-img width=\"222.66666666667\" height=\"167\" src=\"https:\/\/www.avl.fi\/wp-content\/uploads\/2026\/04\/11760425.jpg\"><\/a><\/div><span class=\"title\"><a href=\"https:\/\/www.avl.fi\/2026\/04\/anna-kehun-kiertaa-sarja-tavoitteet-pitavat-maanviljelija-ja-voimailija-ville-virtasen-kipinaa-ylla\/\" target=\"_blank\" rel=\" noopener\">Anna kehun kiert\u00e4\u00e4 -sarja: Tavoitteet pit\u00e4v\u00e4t maanviljelij\u00e4 ja voimailija Ville Virtasen kipin\u00e4\u00e4 yll\u00e4<\/a><\/span><div class=\"rss_content\" style=\"\"><small><span class=\"entry-meta entry-date\"><a style=\"text-decoration:none\" href=\"\/\/www.avl.fi\">29.4.2026 &nbsp;14:54 &nbsp; avl.fi<\/a><\/span><\/small><p>MARTTILA. \u2013Aina t\u00e4ytyy jokin tavoite olla, muuten motivaatio loppuu, tuumaa marttilalainen maanviljelij\u00e4 ja Murtolan HamppuFarmin is\u00e4nt\u00e4 Ville Virtanen .<\/p><\/div><\/li><li  style=\"padding: 17px 0 28px\" class=\"rss_item\"><div class=\"rss_image\" style=\"width:222.66666666667px; height:167px;\"><a href=\"https:\/\/www.esaimaa.fi\/uutissuomalainen\/9411522\" target=\"_blank\" rel=\" noopener\" title=\"Buddhalaiset munkit yrittiv\u00e4t salakuljettaa huimaavan m\u00e4\u00e4r\u00e4n huumeita\" style=\"width:222.66666666667px; height:167px;\"><span class=\"fetched\" style=\"background-image:  url('https:\/\/www.uutissuomalainen.fi\/incoming\/uge3yc\/29.13922289.jpg\/alternates\/OG_IMAGE_ESAIMAA\/29.13922289.jpg');\" title=\"Buddhalaiset munkit yrittiv\u00e4t salakuljettaa huimaavan m\u00e4\u00e4r\u00e4n huumeita\"><\/span><amp-img width=\"222.66666666667\" height=\"167\" src=\"https:\/\/www.uutissuomalainen.fi\/incoming\/uge3yc\/29.13922289.jpg\/alternates\/OG_IMAGE_ESAIMAA\/29.13922289.jpg\"><\/a><\/div><span class=\"title\"><a href=\"https:\/\/www.esaimaa.fi\/uutissuomalainen\/9411522\" target=\"_blank\" rel=\" noopener\">Buddhalaiset munkit yrittiv\u00e4t salakuljettaa huimaavan m\u00e4\u00e4r\u00e4n huumeita<\/a><\/span><div class=\"rss_content\" style=\"\"><small><span class=\"entry-meta entry-date\"><a style=\"text-decoration:none\" href=\"\/\/www.esaimaa.fi\">28.4.2026 &nbsp;16:14 &nbsp; esaimaa.fi<\/a><\/span><\/small><p>Sri Lankan poliisi on pid\u00e4tt\u00e4nyt 21 huumeiden salakuljetusta yritt\u00e4nytt\u00e4 buddhalaista munkkia, kertoo The Guardian. Munkit j\u00e4iv\u00e4t kiinni Bandaranaiken lentokent\u00e4ll\u00e4, kun tulliviranomaiset l\u00f6ysiv\u00e4t heid\u00e4n matkatavaroistaan 110 kiloa korkealaatuista kannabista.<\/p><\/div><\/li><li  style=\"padding: 17px 0 28px\" class=\"rss_item\"><div class=\"rss_image\" style=\"width:222.66666666667px; height:167px;\"><a href=\"https:\/\/muropaketti.com\/tietotekniikka\/tietotekniikkauutiset\/nama-teslat-maksavat-50-000-dollaria-enemman-mutta-silla-ei-saa-juuri-mitaan-uutta\/\" target=\"_blank\" rel=\" noopener\" title=\"N\u00e4m\u00e4 Teslat maksavat 50 000 dollaria enemm\u00e4n, mutta sill\u00e4 ei saa juuri mit\u00e4\u00e4n uutta\" style=\"width:222.66666666667px; height:167px;\"><span class=\"fetched\" style=\"background-image:  url('https:\/\/muropaketti.com\/wp-content\/uploads\/2026\/04\/0424-tesla-2.jpg');\" title=\"N\u00e4m\u00e4 Teslat maksavat 50 000 dollaria enemm\u00e4n, mutta sill\u00e4 ei saa juuri mit\u00e4\u00e4n uutta\"><\/span><amp-img width=\"222.66666666667\" height=\"167\" src=\"https:\/\/muropaketti.com\/wp-content\/uploads\/2026\/04\/0424-tesla-2.jpg\"><\/a><\/div><span class=\"title\"><a href=\"https:\/\/muropaketti.com\/tietotekniikka\/tietotekniikkauutiset\/nama-teslat-maksavat-50-000-dollaria-enemman-mutta-silla-ei-saa-juuri-mitaan-uutta\/\" target=\"_blank\" rel=\" noopener\">N\u00e4m\u00e4 Teslat maksavat 50 000 dollaria enemm\u00e4n, mutta sill\u00e4 ei saa juuri mit\u00e4\u00e4n uutta<\/a><\/span><div class=\"rss_content\" style=\"\"><small><span class=\"entry-meta entry-date\"><a style=\"text-decoration:none\" href=\"\/\/muropaketti.com\">28.4.2026 &nbsp;7:26 &nbsp; muropaketti.com<\/a><\/span><\/small><p>Yhdysvalloissa uskollisille asiakkaille suodaan viel\u00e4 mahdollisuus hankkia itselleen Model S- tai Model X Signature Edition.<\/p><\/div><\/li><li  style=\"padding: 17px 0 28px\" class=\"rss_item\"><div class=\"rss_image\" style=\"width:222.66666666667px; height:167px;\"><a href=\"https:\/\/yle.fi\/a\/74-20223046?origin=rss\" target=\"_blank\" rel=\" noopener\" title=\"Poliisi iski Vantaan Koivukyl\u00e4n kannabiskauppaan - komisario: \"Pyrittiin isommalla pumpulla iskem\u00e4\u00e4n ongelmakohtiin\"\" style=\"width:222.66666666667px; height:167px;\"><span class=\"fetched\" style=\"background-image:  url('https:\/\/img.img-cdn.yle.fi\/crop_extract,w_4028,h_2265,x_3,y_546\/crop_fill,w_1200,h_628\/f_auto\/39-123930265c26ceeb81d1\/1707242633');\" title=\"Poliisi iski Vantaan Koivukyl\u00e4n kannabiskauppaan - komisario: &quot;Pyrittiin isommalla pumpulla iskem\u00e4\u00e4n ongelmakohtiin&quot;\"><\/span><amp-img width=\"222.66666666667\" height=\"167\" src=\"https:\/\/img.img-cdn.yle.fi\/crop_extract,w_4028,h_2265,x_3,y_546\/crop_fill,w_1200,h_628\/f_auto\/39-123930265c26ceeb81d1\/1707242633\"><\/a><\/div><span class=\"title\"><a href=\"https:\/\/yle.fi\/a\/74-20223046?origin=rss\" target=\"_blank\" rel=\" noopener\">Poliisi iski Vantaan Koivukyl\u00e4n kannabiskauppaan - komisario: \"Pyrittiin isommalla pumpulla iskem\u00e4\u00e4n ongelmakohtiin\"<\/a><\/span><div class=\"rss_content\" style=\"\"><small><span class=\"entry-meta entry-date\"><a style=\"text-decoration:none\" href=\"\/\/yle.fi\">28.4.2026 &nbsp;7:03 &nbsp; yle.fi<\/a><\/span><\/small><p>Poliisipartiot ilmestyiv\u00e4t Koivukyl\u00e4n Hakotorille maanantaina kirkkaassa p\u00e4iv\u00e4nvalossa ja tekiv\u00e4t n\u00e4ytt\u00e4v\u00e4n iskun.<\/p><\/div><\/li><li  style=\"padding: 17px 0 28px\" class=\"rss_item\"><div class=\"rss_image\" style=\"width:222.66666666667px; height:167px;\"><a href=\"https:\/\/www.iltalehti.fi\/kotimaa\/a\/7d4a0f4d-41d4-4a74-a19c-05205e8da266\" target=\"_blank\" rel=\" noopener\" title=\"Pelottava y\u00f6 kerrostalossa - Rajut kuvat ryskeen j\u00e4ljist\u00e4 julki\" style=\"width:222.66666666667px; height:167px;\"><span class=\"fetched\" style=\"background-image:  url('https:\/\/img.ilcdn.fi\/eIhPwCK8ODu3PsneCigp1LdXb48=\/1200x630\/top\/filters:watermark(assets.ilcdn.fi\/ilsome_v2.jpg,25,0,0)\/img-s3.ilcdn.fi\/1f44e2ea469b599f83690b9bd7f948d26dbb51b4aaec4d6ba91dca550c71aaea.jpg');\" title=\"Pelottava y\u00f6 kerrostalossa - Rajut kuvat ryskeen j\u00e4ljist\u00e4 julki\"><\/span><amp-img width=\"222.66666666667\" height=\"167\" src=\"https:\/\/img.ilcdn.fi\/eIhPwCK8ODu3PsneCigp1LdXb48=\/1200x630\/top\/filters:watermark(assets.ilcdn.fi\/ilsome_v2.jpg,25,0,0)\/img-s3.ilcdn.fi\/1f44e2ea469b599f83690b9bd7f948d26dbb51b4aaec4d6ba91dca550c71aaea.jpg\"><\/a><\/div><span class=\"title\"><a href=\"https:\/\/www.iltalehti.fi\/kotimaa\/a\/7d4a0f4d-41d4-4a74-a19c-05205e8da266\" target=\"_blank\" rel=\" noopener\">Pelottava y\u00f6 kerrostalossa - Rajut kuvat ryskeen j\u00e4ljist\u00e4 julki<\/a><\/span><div class=\"rss_content\" style=\"\"><small><span class=\"entry-meta entry-date\"><a style=\"text-decoration:none\" href=\"\/\/www.iltalehti.fi\">28.4.2026 &nbsp;4:00 &nbsp; iltalehti.fi<\/a><\/span><\/small><p>Nainen kertoo menon turkulaiskerrostalossa olevan eritt\u00e4in levotonta ja huumeidenk\u00e4yt\u00f6n varsin avointa.<\/p><\/div><\/li><li  style=\"padding: 17px 0 28px\" class=\"rss_item\"><div class=\"rss_image\" style=\"width:222.66666666667px; height:167px;\"><a href=\"https:\/\/www.hs.fi\/maailma\/art-2000011971218.html?utm_source=ampparit\" target=\"_blank\" rel=\" noopener\" title=\"Munkit j\u00e4iv\u00e4t kiinni yli sadan kilon kannabislastin kuljettamisesta\" style=\"width:222.66666666667px; height:167px;\"><span class=\"fetched\" style=\"background-image:  url('https:\/\/www.hs.fi\/og-1920x1920.png');\" title=\"Munkit j\u00e4iv\u00e4t kiinni yli sadan kilon kannabislastin kuljettamisesta\"><\/span><amp-img width=\"222.66666666667\" height=\"167\" src=\"https:\/\/www.hs.fi\/og-1920x1920.png\"><\/a><\/div><span class=\"title\"><a href=\"https:\/\/www.hs.fi\/maailma\/art-2000011971218.html?utm_source=ampparit\" target=\"_blank\" rel=\" noopener\">Munkit j\u00e4iv\u00e4t kiinni yli sadan kilon kannabislastin kuljettamisesta<\/a><\/span><div class=\"rss_content\" style=\"\"><small><span class=\"entry-meta entry-date\"><a style=\"text-decoration:none\" href=\"\/\/www.hs.fi\">27.4.2026 &nbsp;17:07 &nbsp; hs.fi<\/a><\/span><\/small><p>Poliisi uskoo, etteiv\u00e4t munkit mahdollisesti tienneet, mit\u00e4 heill\u00e4 oli mukanaan.<\/p><\/div><\/li><\/ul> <\/div><style type=\"text\/css\" media=\"all\">.feedzy-rss .rss_item .rss_image{float:left;position:relative;border:none;text-decoration:none;max-width:100%}.feedzy-rss .rss_item .rss_image span{display:inline-block;position:absolute;width:100%;height:100%;background-position:50%;background-size:cover}.feedzy-rss .rss_item .rss_image{margin:.3em 1em 0 0;content-visibility:auto}.feedzy-rss ul{list-style:none}.feedzy-rss ul li{display:inline-block}<\/style>\n<style type=\"text\/css\"> .entry-header { display:none !IMPORTANT; } #message.error { display:none !IMPORTANT; } .entry-content .rss_item:before { height: 0;}<\/style>\n","protected":false},"excerpt":{"rendered":"","protected":false},"author":420024,"featured_media":0,"parent":0,"menu_order":0,"comment_status":"closed","ping_status":"closed","template":"page-templates\/full-width.php","meta":{"_mi_skip_tracking":false},"_links":{"self":[{"href":"https:\/\/hamppu.net\/portal\/wp-json\/wp\/v2\/pages\/24"}],"collection":[{"href":"https:\/\/hamppu.net\/portal\/wp-json\/wp\/v2\/pages"}],"about":[{"href":"https:\/\/hamppu.net\/portal\/wp-json\/wp\/v2\/types\/page"}],"author":[{"embeddable":true,"href":"https:\/\/hamppu.net\/portal\/wp-json\/wp\/v2\/users\/420024"}],"replies":[{"embeddable":true,"href":"https:\/\/hamppu.net\/portal\/wp-json\/wp\/v2\/comments?post=24"}],"version-history":[{"count":4,"href":"https:\/\/hamppu.net\/portal\/wp-json\/wp\/v2\/pages\/24\/revisions"}],"predecessor-version":[{"id":746,"href":"https:\/\/hamppu.net\/portal\/wp-json\/wp\/v2\/pages\/24\/revisions\/746"}],"wp:attachment":[{"href":"https:\/\/hamppu.net\/portal\/wp-json\/wp\/v2\/media?parent=24"}],"curies":[{"name":"wp","href":"https:\/\/api.w.org\/{rel}","templated":true}]}}