{"id":234,"date":"2016-10-14T14:07:42","date_gmt":"2016-10-14T14:07:42","guid":{"rendered":"http:\/\/hamppu.net\/portal\/?page_id=234"},"modified":"2017-01-25T12:38:30","modified_gmt":"2017-01-25T10:38:30","slug":"kukituslaskuri","status":"publish","type":"page","link":"https:\/\/hamppu.net\/portal\/kukituslaskuri\/","title":{"rendered":"Kukituslaskuri"},"content":{"rendered":"<p><center><\/p>\n<div class=\"watermark\">\n<form>\n<p>Kukinta alkoi (selke\u00e4t esikukinnot ilmestyiv\u00e4t kukitusvalojaksolla):<br \/>\n  <input id=\"txtDate\" type=\"text\" style=\"width:8em; box-shadow: 3px 3px 6px #888; text-align: center;\" \/>\n<\/p>\n<p>Kukinnan arvioitu kesto p\u00e4ivin\u00e4:<br \/>\n  <input id=\"d1\" type=\"number\" style=\"width:6em; box-shadow: 3px 3px 6px #888; text-align: center;\" \/> &nbsp; \u2013 &nbsp;<input id=\"d2\" type=\"number\" style=\"width:6em; box-shadow: 3px 3px 6px #888; text-align: center;\" \/>\n<\/p>\n<p>TAI<br \/>\nKukinnan arvioitu kesto viikkoina:<br \/>\n  <input id=\"w1\" type=\"number\" style=\"width:6em; box-shadow: 3px 3px 6px #888; text-align: center;\" \/> &nbsp; \u2013 &nbsp;<input id=\"w2\" type=\"number\" style=\"width:6em; box-shadow: 3px 3px 6px #888; text-align: center;\" \/><\/p>\n<p>Voit hakea kukitusajan esimerkiksi <a href=\"http:\/\/kalainfo.hamppu.net\/\" target=\"_blank\">KaLaInfosta<\/a>.\n<\/p>\n<p>\n  <input type=\"button\" onclick=\"getdate()\" value=\" Laske \" style=\"box-shadow: 3px 3px 6px #020;\" \/> &nbsp; &nbsp; &nbsp; &nbsp; <input type=\"reset\" value=\"Tyhjenn\u00e4\" style=\"box-shadow: 3px 3px 6px #020;\" \/>\n<\/p>\n<p>\nKukinta loppuu:<br \/>\n  <input id=\"from1\" type=\"text\" style=\"width:8em; box-shadow: 3px 3px 6px #888; text-align: center;\" readonly \/> &nbsp; \u2013 &nbsp;<input id=\"from2\" type=\"text\" style=\"width:8em; box-shadow: 3px 3px 6px #888; text-align: center;\" readonly \/><\/form>\n<\/p>\n<\/div>\n<p><a href=\"http:\/\/kalainfo.hamppu.net\/\" target=\"_blank\" title=\"Siirry t\u00e4st\u00e4 KaLaInfo-lajiketietokantaan\"><img loading=\"lazy\" width=\"480\" height=\"240\" src=\"https:\/\/hamppu.net\/portal\/wp-content\/uploads\/2016\/10\/kalainfo.png\" alt=\"kalainfo\" class=\"wp-image-370\" srcset=\"https:\/\/hamppu.net\/portal\/wp-content\/uploads\/2016\/10\/kalainfo.png 480w, https:\/\/hamppu.net\/portal\/wp-content\/uploads\/2016\/10\/kalainfo-300x150.png 300w\" sizes=\"(max-width: 480px) 100vw, 480px\" \/><\/a><\/center><\/p>\n\t\t<div class=\"social-sharing ss-social-sharing\">\r\n\t\t\t\t\t\t<span class=\"top before-sharebutton-text\">Jaa sivu:<\/span>\r\n\t        \t        <a  rel=\"external nofollow\" class=\"ss-button-facebook\" href=\"http:\/\/www.facebook.com\/sharer\/sharer.php?u=https%3A%2F%2Fhamppu.net%2Fportal%2Fkukituslaskuri%2F\" target=\"_blank\" >Jaa Facebookissa<\/a><a  rel=\"external nofollow\" class=\"ss-button-twitter\" href=\"http:\/\/twitter.com\/intent\/tweet\/?text=Kukituslaskuri&url=https%3A%2F%2Fhamppu.net%2Fportal%2Fkukituslaskuri%2F&via=growguide1\" target=\"_blank\">Jaa Twitteriss\u00e4<\/a>\t        \t    <\/div>\r\n\t    \n<style type=\"text\/css\"> .entry-header { text-align: center; !IMPORTANT; } <\/style>\n<p><script type=\"text\/javascript\">\njQuery(document).ready(function() {\n  \/\/ luodaan datepicker input-kentt\u00e4\u00e4n, k\u00e4ytet\u00e4\u00e4n suomalaista p\u00e4iv\u00e4m\u00e4\u00e4r\u00e4n muotoa\n  jQuery('#txtDate').datepicker({dateFormat: 'd.m.yy'});\n});\nfunction getdate() {\n  var alkupvm = jQuery(\"#txtDate\").datepicker('getDate');\n  \/\/ haetaan p\u00e4iv\u00e4- ja viikkoarvot, muutetaan viikot p\u00e4iviksi\n  var d1 = parseInt(jQuery('#d1').val());\n  var d2 = parseInt(jQuery('#d2').val());\n  var w1 = parseInt(jQuery('#w1').val()) * 7;\n  var w2 = parseInt(jQuery('#w2').val()) * 7;\n  if((!d1 && !w1) || (!d2 && !w2)) return;\n  \/\/ jos p\u00e4iv\u00e4 tyhj\u00e4, k\u00e4ytet\u00e4\u00e4n viikkoa, ja toisin p\u00e4in\n  if (!d1) d1 = w1;\n  if (!d2) d2 = w2;\n  if (!w1) w1 = d1;\n  if (!w2) w2 = d2;\n  d1 = Math.min(d1, w1); \/\/ kukinta kest\u00e4\u00e4 minimiss\u00e4\u00e4n\n  d2 = Math.max(d2, w2); \/\/ kukinta kest\u00e4\u00e4 maksimissaan\n  var newdate1 = new Date(alkupvm.valueOf());\n  newdate1.setDate(alkupvm.getDate() + d1);\n  var newdate2 = new Date(alkupvm.valueOf());\n  newdate2.setDate(alkupvm.getDate() + d2);\n  \/\/ haetaan uusista p\u00e4iv\u00e4m\u00e4\u00e4rist\u00e4 komponentit\n  var dd1 = newdate1.getDate();\n  var mm1 = newdate1.getMonth() + 1;\n  var y1 = newdate1.getFullYear();\n  var dd2 = newdate2.getDate();\n  var mm2 = newdate2.getMonth() + 1;\n  var y2 = newdate2.getFullYear();\n  \/\/ muotoillaan p\u00e4iv\u00e4ykset merkkijonoiksi\n  var someFormattedDate1 = dd1 + '.' + mm1 + '.' + y1;\n  var someFormattedDate2 = dd2 + '.' + mm2 + '.' + y2;\n  \/\/ asetetaan p\u00e4iv\u00e4ykset input-laatikoihin\n  jQuery('#from1').val(someFormattedDate1);\n  jQuery('#from2').val(someFormattedDate2);\n}\n<\/script><\/p>\n","protected":false},"excerpt":{"rendered":"<p>Kukinta alkoi (selke\u00e4t esikukinnot ilmestyiv\u00e4t kukitusvalojaksolla): Kukinnan arvioitu kesto p\u00e4ivin\u00e4: &nbsp; \u2013 &nbsp; TAI Kukinnan arvioitu kesto viikkoina: &nbsp; \u2013 &nbsp; Voit hakea kukitusajan esimerkiksi KaLaInfosta . &nbsp; &nbsp; &nbsp; &nbsp; Kukinta loppuu: &nbsp; \u2013 &nbsp;<\/p>\n","protected":false},"author":420024,"featured_media":0,"parent":0,"menu_order":0,"comment_status":"closed","ping_status":"closed","template":"","meta":{"_mi_skip_tracking":false},"_links":{"self":[{"href":"https:\/\/hamppu.net\/portal\/wp-json\/wp\/v2\/pages\/234"}],"collection":[{"href":"https:\/\/hamppu.net\/portal\/wp-json\/wp\/v2\/pages"}],"about":[{"href":"https:\/\/hamppu.net\/portal\/wp-json\/wp\/v2\/types\/page"}],"author":[{"embeddable":true,"href":"https:\/\/hamppu.net\/portal\/wp-json\/wp\/v2\/users\/420024"}],"replies":[{"embeddable":true,"href":"https:\/\/hamppu.net\/portal\/wp-json\/wp\/v2\/comments?post=234"}],"version-history":[{"count":3,"href":"https:\/\/hamppu.net\/portal\/wp-json\/wp\/v2\/pages\/234\/revisions"}],"predecessor-version":[{"id":749,"href":"https:\/\/hamppu.net\/portal\/wp-json\/wp\/v2\/pages\/234\/revisions\/749"}],"wp:attachment":[{"href":"https:\/\/hamppu.net\/portal\/wp-json\/wp\/v2\/media?parent=234"}],"curies":[{"name":"wp","href":"https:\/\/api.w.org\/{rel}","templated":true}]}}