{"id":112,"date":"2016-10-06T13:33:48","date_gmt":"2016-10-06T13:33:48","guid":{"rendered":"http:\/\/hamppu.net\/portal\/?page_id=112"},"modified":"2021-09-24T12:06:44","modified_gmt":"2021-09-24T09:06:44","slug":"etusivu","status":"publish","type":"page","link":"https:\/\/hamppu.net\/portal\/","title":{"rendered":"&shy;"},"content":{"rendered":"<div class=\"watermark\"><div class=\"feedzy-4b8fb9538ceb1cf6338e68184e22ce1b feedzy-rss\"><ul><li  style=\"padding: 10px 0 17px\" class=\"rss_item\"><div class=\"rss_image\" style=\"width:133.33333333333px; height:100px;\"><a href=\"https:\/\/sky.org\/laakekannabis-tutkimus-tampereen-yliopisto\/\" target=\"_blank\" rel=\" noopener\" title=\"K\u00e4yt\u00e4tk\u00f6 kannabista l\u00e4\u00e4kkeen\u00e4? Osallistu t\u00e4rke\u00e4\u00e4n tutkimukseen!\" style=\"width:133.33333333333px; height:100px;\"><span class=\"default\" style=\"background-image:url(\/images\/rss_default43.png);\" title=\"K\u00e4yt\u00e4tk\u00f6 kannabista l\u00e4\u00e4kkeen\u00e4? Osallistu t\u00e4rke\u00e4\u00e4n tutkimukseen!\"><\/span><amp-img width=\"133.33333333333\" height=\"100\" src=\"\/images\/rss_default43.png\"><\/a><\/div><span class=\"title\"><a href=\"https:\/\/sky.org\/laakekannabis-tutkimus-tampereen-yliopisto\/\" target=\"_blank\" rel=\" noopener\">K\u00e4yt\u00e4tk\u00f6 kannabista l\u00e4\u00e4kkeen\u00e4? Osallistu t\u00e4rke\u00e4\u00e4n tutkimukseen!<\/a><\/span><div class=\"rss_content\" style=\"\"><small><span class=\"entry-meta entry-date\"><a style=\"text-decoration:none\" href=\"\/\/sky.org\">2.3.2026 &nbsp;12:00 &nbsp; sky.org<\/a><\/span><\/small><p>Tampereen yliopisto tutkii kannabiksen l\u00e4\u00e4kinn\u00e4llisi\u00e4 hy\u00f6tyj\u00e4. Osallistu FINMEDUSA-kyselyyn.<\/p><\/div><\/li><li  style=\"padding: 10px 0 17px\" class=\"rss_item\"><div class=\"rss_image\" style=\"width:133.33333333333px; height:100px;\"><a href=\"https:\/\/sky.org\/kannabisyhdistys-uudistuu\/\" target=\"_blank\" rel=\" noopener\" title=\"Suomen kannabisyhdistys uudistuu\" style=\"width:133.33333333333px; height:100px;\"><span class=\"default\" style=\"background-image:url(\/images\/rss_default43.png);\" title=\"Suomen kannabisyhdistys uudistuu\"><\/span><amp-img width=\"133.33333333333\" height=\"100\" src=\"\/images\/rss_default43.png\"><\/a><\/div><span class=\"title\"><a href=\"https:\/\/sky.org\/kannabisyhdistys-uudistuu\/\" target=\"_blank\" rel=\" noopener\">Suomen kannabisyhdistys uudistuu<\/a><\/span><div class=\"rss_content\" style=\"\"><small><span class=\"entry-meta entry-date\"><a style=\"text-decoration:none\" href=\"\/\/sky.org\">2.3.2026 &nbsp;12:00 &nbsp; sky.org<\/a><\/span><\/small><p>SKY on p\u00e4ivitt\u00e4nyt nettisivunsa ja perustanut Discord-serverin modernin viestinn\u00e4n tueksi.<\/p><\/div><\/li><li  style=\"padding: 10px 0 17px\" class=\"rss_item\"><div class=\"rss_image\" style=\"width:133.33333333333px; height:100px;\"><a href=\"https:\/\/sky.org\/laakekannabis-tutkimus-tampereen-yliopisto\/\" target=\"_blank\" rel=\" noopener\" title=\"K\u00e4yt\u00e4tk\u00f6 kannabista l\u00e4\u00e4kkeen\u00e4? Osallistu t\u00e4rke\u00e4\u00e4n tutkimukseen!\" style=\"width:133.33333333333px; height:100px;\"><span class=\"default\" style=\"background-image:url(\/images\/rss_default43.png);\" title=\"K\u00e4yt\u00e4tk\u00f6 kannabista l\u00e4\u00e4kkeen\u00e4? Osallistu t\u00e4rke\u00e4\u00e4n tutkimukseen!\"><\/span><amp-img width=\"133.33333333333\" height=\"100\" src=\"\/images\/rss_default43.png\"><\/a><\/div><span class=\"title\"><a href=\"https:\/\/sky.org\/laakekannabis-tutkimus-tampereen-yliopisto\/\" target=\"_blank\" rel=\" noopener\">K\u00e4yt\u00e4tk\u00f6 kannabista l\u00e4\u00e4kkeen\u00e4? Osallistu t\u00e4rke\u00e4\u00e4n tutkimukseen!<\/a><\/span><div class=\"rss_content\" style=\"\"><small><span class=\"entry-meta entry-date\"><a style=\"text-decoration:none\" href=\"\/\/sky.org\">2.3.2026 &nbsp;12:00 &nbsp; sky.org<\/a><\/span><\/small><p>Tampereen yliopisto tutkii kannabiksen l\u00e4\u00e4kinn\u00e4llisi\u00e4 hy\u00f6tyj\u00e4. Osallistu FINMEDUSA-kyselyyn.<\/p><\/div><\/li><li  style=\"padding: 10px 0 17px\" class=\"rss_item\"><div class=\"rss_image\" style=\"width:133.33333333333px; height:100px;\"><a href=\"https:\/\/sky.org\/kannabisyhdistys-uudistuu\/\" target=\"_blank\" rel=\" noopener\" title=\"Suomen kannabisyhdistys uudistuu\" style=\"width:133.33333333333px; height:100px;\"><span class=\"default\" style=\"background-image:url(\/images\/rss_default43.png);\" title=\"Suomen kannabisyhdistys uudistuu\"><\/span><amp-img width=\"133.33333333333\" height=\"100\" src=\"\/images\/rss_default43.png\"><\/a><\/div><span class=\"title\"><a href=\"https:\/\/sky.org\/kannabisyhdistys-uudistuu\/\" target=\"_blank\" rel=\" noopener\">Suomen kannabisyhdistys uudistuu<\/a><\/span><div class=\"rss_content\" style=\"\"><small><span class=\"entry-meta entry-date\"><a style=\"text-decoration:none\" href=\"\/\/sky.org\">2.3.2026 &nbsp;12:00 &nbsp; sky.org<\/a><\/span><\/small><p>SKY on p\u00e4ivitt\u00e4nyt nettisivunsa ja perustanut Discord-serverin modernin viestinn\u00e4n tueksi.<\/p><\/div><\/li><li  style=\"padding: 10px 0 17px\" class=\"rss_item\"><div class=\"rss_image\" style=\"width:133.33333333333px; height:100px;\"><a href=\"https:\/\/sky.org\/kannabisyhdistys-uudistuu\/\" target=\"_blank\" rel=\" noopener\" title=\"Suomen kannabisyhdistys uudistuu\" style=\"width:133.33333333333px; height:100px;\"><span class=\"default\" style=\"background-image:url(\/images\/rss_default43.png);\" title=\"Suomen kannabisyhdistys uudistuu\"><\/span><amp-img width=\"133.33333333333\" height=\"100\" src=\"\/images\/rss_default43.png\"><\/a><\/div><span class=\"title\"><a href=\"https:\/\/sky.org\/kannabisyhdistys-uudistuu\/\" target=\"_blank\" rel=\" noopener\">Suomen kannabisyhdistys uudistuu<\/a><\/span><div class=\"rss_content\" style=\"\"><small><span class=\"entry-meta entry-date\"><a style=\"text-decoration:none\" href=\"\/\/sky.org\">2.3.2026 &nbsp;12:00 &nbsp; sky.org<\/a><\/span><\/small><p>SKY on p\u00e4ivitt\u00e4nyt nettisivunsa ja perustanut Discord-serverin modernin viestinn\u00e4n tueksi.<\/p><\/div><\/li><li  style=\"padding: 10px 0 17px\" class=\"rss_item\"><div class=\"rss_image\" style=\"width:133.33333333333px; height:100px;\"><a href=\"https:\/\/sky.org\/kannabisyhdistys-uudistuu\/\" target=\"_blank\" rel=\" noopener\" title=\"Suomen kannabisyhdistys uudistuu\" style=\"width:133.33333333333px; height:100px;\"><span class=\"default\" style=\"background-image:url(\/images\/rss_default43.png);\" title=\"Suomen kannabisyhdistys uudistuu\"><\/span><amp-img width=\"133.33333333333\" height=\"100\" src=\"\/images\/rss_default43.png\"><\/a><\/div><span class=\"title\"><a href=\"https:\/\/sky.org\/kannabisyhdistys-uudistuu\/\" target=\"_blank\" rel=\" noopener\">Suomen kannabisyhdistys uudistuu<\/a><\/span><div class=\"rss_content\" style=\"\"><small><span class=\"entry-meta entry-date\"><a style=\"text-decoration:none\" href=\"\/\/sky.org\">2.3.2026 &nbsp;12:00 &nbsp; sky.org<\/a><\/span><\/small><p>SKY on p\u00e4ivitt\u00e4nyt nettisivunsa ja perustanut Discord-serverin modernin viestinn\u00e4n tueksi.<\/p><\/div><\/li><li  style=\"padding: 10px 0 17px\" class=\"rss_item\"><div class=\"rss_image\" style=\"width:133.33333333333px; height:100px;\"><a href=\"https:\/\/sky.org\/laakekannabis-tutkimus-tampereen-yliopisto\/\" target=\"_blank\" rel=\" noopener\" title=\"K\u00e4yt\u00e4tk\u00f6 kannabista l\u00e4\u00e4kkeen\u00e4? Osallistu t\u00e4rke\u00e4\u00e4n tutkimukseen!\" style=\"width:133.33333333333px; height:100px;\"><span class=\"default\" style=\"background-image:url(\/images\/rss_default43.png);\" title=\"K\u00e4yt\u00e4tk\u00f6 kannabista l\u00e4\u00e4kkeen\u00e4? Osallistu t\u00e4rke\u00e4\u00e4n tutkimukseen!\"><\/span><amp-img width=\"133.33333333333\" height=\"100\" src=\"\/images\/rss_default43.png\"><\/a><\/div><span class=\"title\"><a href=\"https:\/\/sky.org\/laakekannabis-tutkimus-tampereen-yliopisto\/\" target=\"_blank\" rel=\" noopener\">K\u00e4yt\u00e4tk\u00f6 kannabista l\u00e4\u00e4kkeen\u00e4? Osallistu t\u00e4rke\u00e4\u00e4n tutkimukseen!<\/a><\/span><div class=\"rss_content\" style=\"\"><small><span class=\"entry-meta entry-date\"><a style=\"text-decoration:none\" href=\"\/\/sky.org\">2.3.2026 &nbsp;12:00 &nbsp; sky.org<\/a><\/span><\/small><p>Tampereen yliopisto tutkii kannabiksen l\u00e4\u00e4kinn\u00e4llisi\u00e4 hy\u00f6tyj\u00e4. Osallistu FINMEDUSA-kyselyyn.<\/p><\/div><\/li><li  style=\"padding: 10px 0 17px\" class=\"rss_item\"><div class=\"rss_image\" style=\"width:133.33333333333px; height:100px;\"><a href=\"https:\/\/sky.org\/kannabisyhdistys-uudistuu\/\" target=\"_blank\" rel=\" noopener\" title=\"Suomen kannabisyhdistys uudistuu\" style=\"width:133.33333333333px; height:100px;\"><span class=\"default\" style=\"background-image:url(\/images\/rss_default43.png);\" title=\"Suomen kannabisyhdistys uudistuu\"><\/span><amp-img width=\"133.33333333333\" height=\"100\" src=\"\/images\/rss_default43.png\"><\/a><\/div><span class=\"title\"><a href=\"https:\/\/sky.org\/kannabisyhdistys-uudistuu\/\" target=\"_blank\" rel=\" noopener\">Suomen kannabisyhdistys uudistuu<\/a><\/span><div class=\"rss_content\" style=\"\"><small><span class=\"entry-meta entry-date\"><a style=\"text-decoration:none\" href=\"\/\/sky.org\">2.3.2026 &nbsp;12:00 &nbsp; sky.org<\/a><\/span><\/small><p>SKY on p\u00e4ivitt\u00e4nyt nettisivunsa ja perustanut Discord-serverin modernin viestinn\u00e4n tueksi.<\/p><\/div><\/li><li  style=\"padding: 10px 0 17px\" class=\"rss_item\"><div class=\"rss_image\" style=\"width:133.33333333333px; height:100px;\"><a href=\"https:\/\/sky.org\/laakekannabis-tutkimus-tampereen-yliopisto\/\" target=\"_blank\" rel=\" noopener\" title=\"K\u00e4yt\u00e4tk\u00f6 kannabista l\u00e4\u00e4kkeen\u00e4? Osallistu t\u00e4rke\u00e4\u00e4n tutkimukseen!\" style=\"width:133.33333333333px; height:100px;\"><span class=\"default\" style=\"background-image:url(\/images\/rss_default43.png);\" title=\"K\u00e4yt\u00e4tk\u00f6 kannabista l\u00e4\u00e4kkeen\u00e4? Osallistu t\u00e4rke\u00e4\u00e4n tutkimukseen!\"><\/span><amp-img width=\"133.33333333333\" height=\"100\" src=\"\/images\/rss_default43.png\"><\/a><\/div><span class=\"title\"><a href=\"https:\/\/sky.org\/laakekannabis-tutkimus-tampereen-yliopisto\/\" target=\"_blank\" rel=\" noopener\">K\u00e4yt\u00e4tk\u00f6 kannabista l\u00e4\u00e4kkeen\u00e4? Osallistu t\u00e4rke\u00e4\u00e4n tutkimukseen!<\/a><\/span><div class=\"rss_content\" style=\"\"><small><span class=\"entry-meta entry-date\"><a style=\"text-decoration:none\" href=\"\/\/sky.org\">2.3.2026 &nbsp;12:00 &nbsp; sky.org<\/a><\/span><\/small><p>Tampereen yliopisto tutkii kannabiksen l\u00e4\u00e4kinn\u00e4llisi\u00e4 hy\u00f6tyj\u00e4. Osallistu FINMEDUSA-kyselyyn.<\/p><\/div><\/li><li  style=\"padding: 10px 0 17px\" class=\"rss_item\"><div class=\"rss_image\" style=\"width:133.33333333333px; height:100px;\"><a href=\"https:\/\/sky.org\/laakekannabis-tutkimus-tampereen-yliopisto\/\" target=\"_blank\" rel=\" noopener\" title=\"K\u00e4yt\u00e4tk\u00f6 kannabista l\u00e4\u00e4kkeen\u00e4? Osallistu t\u00e4rke\u00e4\u00e4n tutkimukseen!\" style=\"width:133.33333333333px; height:100px;\"><span class=\"default\" style=\"background-image:url(\/images\/rss_default43.png);\" title=\"K\u00e4yt\u00e4tk\u00f6 kannabista l\u00e4\u00e4kkeen\u00e4? Osallistu t\u00e4rke\u00e4\u00e4n tutkimukseen!\"><\/span><amp-img width=\"133.33333333333\" height=\"100\" src=\"\/images\/rss_default43.png\"><\/a><\/div><span class=\"title\"><a href=\"https:\/\/sky.org\/laakekannabis-tutkimus-tampereen-yliopisto\/\" target=\"_blank\" rel=\" noopener\">K\u00e4yt\u00e4tk\u00f6 kannabista l\u00e4\u00e4kkeen\u00e4? Osallistu t\u00e4rke\u00e4\u00e4n tutkimukseen!<\/a><\/span><div class=\"rss_content\" style=\"\"><small><span class=\"entry-meta entry-date\"><a style=\"text-decoration:none\" href=\"\/\/sky.org\">2.3.2026 &nbsp;12:00 &nbsp; sky.org<\/a><\/span><\/small><p>Tampereen yliopisto tutkii kannabiksen l\u00e4\u00e4kinn\u00e4llisi\u00e4 hy\u00f6tyj\u00e4. Osallistu FINMEDUSA-kyselyyn.<\/p><\/div><\/li><li  style=\"padding: 10px 0 17px\" class=\"rss_item\"><div class=\"rss_image\" style=\"width:133.33333333333px; height:100px;\"><a href=\"https:\/\/tusky.fi\/2025\/04\/22\/kannabis-syovan-hoidossa-ja-ennalta-ehkaisyssa\/\" target=\"_blank\" rel=\" noopener\" title=\"Kannabis sy\u00f6v\u00e4n hoidossa ja ennalta-ehk\u00e4isyss\u00e4\" style=\"width:133.33333333333px; height:100px;\"><span class=\"default\" style=\"background-image:url(\/images\/rss_default43.png);\" title=\"Kannabis sy\u00f6v\u00e4n hoidossa ja ennalta-ehk\u00e4isyss\u00e4\"><\/span><amp-img width=\"133.33333333333\" height=\"100\" src=\"\/images\/rss_default43.png\"><\/a><\/div><span class=\"title\"><a href=\"https:\/\/tusky.fi\/2025\/04\/22\/kannabis-syovan-hoidossa-ja-ennalta-ehkaisyssa\/\" target=\"_blank\" rel=\" noopener\">Kannabis sy\u00f6v\u00e4n hoidossa ja ennalta-ehk\u00e4isyss\u00e4<\/a><\/span><div class=\"rss_content\" style=\"\"><small><span class=\"entry-meta entry-date\"><a style=\"text-decoration:none\" href=\"\/\/tusky.fi\">22.4.2025 &nbsp;5:00 &nbsp; Turun seudun kannabisyhdistys<\/a><\/span><\/small><p>Tuskyn viime vuonna julkaisemassa tutkimuskatsauksessa kannabiksen l\u00e4\u00e4kek\u00e4yt\u00f6st\u00e4 sy\u00f6v\u00e4n ja sy\u00f6p\u00e4hoitojen haittavaikutusten hoidossa todettiin kannabiksen k\u00e4yt\u00f6n potilaiden keskuudessa ylitt\u00e4v\u00e4n olemassa olevan tutkimusn\u00e4yt\u00f6n. T\u00e4t\u00e4 [&hellip;]...<\/p><\/div><\/li><\/ul> <\/div><style type=\"text\/css\" media=\"all\">.feedzy-rss .rss_item .rss_image{float:left;position:relative;border:none;text-decoration:none;max-width:100%}.feedzy-rss .rss_item .rss_image span{display:inline-block;position:absolute;width:100%;height:100%;background-position:50%;background-size:cover}.feedzy-rss .rss_item .rss_image{margin:.3em 1em 0 0;content-visibility:auto}.feedzy-rss ul{list-style:none}.feedzy-rss ul li{display:inline-block}<\/style><\/div>\n<style type=\"text\/css\"> .entry-header { display:none !IMPORTANT; } #message.error { display:none !IMPORTANT; }<\/style>\n","protected":false},"excerpt":{"rendered":"","protected":false},"author":420024,"featured_media":0,"parent":0,"menu_order":0,"comment_status":"closed","ping_status":"closed","template":"","meta":{"_mi_skip_tracking":false},"_links":{"self":[{"href":"https:\/\/hamppu.net\/portal\/wp-json\/wp\/v2\/pages\/112"}],"collection":[{"href":"https:\/\/hamppu.net\/portal\/wp-json\/wp\/v2\/pages"}],"about":[{"href":"https:\/\/hamppu.net\/portal\/wp-json\/wp\/v2\/types\/page"}],"author":[{"embeddable":true,"href":"https:\/\/hamppu.net\/portal\/wp-json\/wp\/v2\/users\/420024"}],"replies":[{"embeddable":true,"href":"https:\/\/hamppu.net\/portal\/wp-json\/wp\/v2\/comments?post=112"}],"version-history":[{"count":3,"href":"https:\/\/hamppu.net\/portal\/wp-json\/wp\/v2\/pages\/112\/revisions"}],"predecessor-version":[{"id":1396,"href":"https:\/\/hamppu.net\/portal\/wp-json\/wp\/v2\/pages\/112\/revisions\/1396"}],"wp:attachment":[{"href":"https:\/\/hamppu.net\/portal\/wp-json\/wp\/v2\/media?parent=112"}],"curies":[{"name":"wp","href":"https:\/\/api.w.org\/{rel}","templated":true}]}}